{"id":2387,"date":"2021-12-28T11:30:32","date_gmt":"2021-12-28T10:30:32","guid":{"rendered":"http:\/\/196.32.217.22\/~mafc\/site\/%d8%a5%d9%83%d8%aa%d8%b4%d9%81-%d8%b5%d9%88%d9%81%d8%a7%d9%83\/%d8%b4%d8%a8%d9%83%d8%aa%d9%86%d8%a7\/"},"modified":"2024-02-09T05:00:26","modified_gmt":"2024-02-09T04:00:26","slug":"%d8%b4%d8%a8%d9%83%d8%aa%d9%86%d8%a7","status":"publish","type":"page","link":"https:\/\/www.sofac.ma\/ar\/%d8%a5%d9%83%d8%aa%d8%b4%d9%81-%d8%b5%d9%88%d9%81%d8%a7%d9%83\/%d8%b4%d8%a8%d9%83%d8%aa%d9%86%d8%a7\/","title":{"rendered":"\u0634\u0628\u0643\u062a\u0646\u0627"},"content":{"rendered":"\t\t<div data-elementor-type=\"wp-page\" data-elementor-id=\"2387\" class=\"elementor elementor-2387 elementor-29\">\n\t\t\t\t\t\t\t\t\t<section class=\"elementor-section elementor-top-section elementor-element elementor-element-bf697d1 elementor-section-boxed elementor-section-height-default elementor-section-height-default\" data-id=\"bf697d1\" data-element_type=\"section\">\n\t\t\t\t\t\t<div class=\"elementor-container elementor-column-gap-default\">\n\t\t\t\t\t<div class=\"elementor-column elementor-col-100 elementor-top-column elementor-element elementor-element-bfba952\" data-id=\"bfba952\" data-element_type=\"column\">\n\t\t\t<div class=\"elementor-widget-wrap elementor-element-populated\">\n\t\t\t\t\t\t\t\t<div class=\"elementor-element elementor-element-296b22e elementor-widget elementor-widget-emb_archives\" data-id=\"296b22e\" data-element_type=\"widget\" data-widget_type=\"emb_archives.default\">\n\t\t\t\t<div class=\"elementor-widget-container\">\n\t\t\t<div class=\"\">\n           \n            \n            \n            <div id=\"ajax__content\" class=\"module__wrapper agences__wrapper\" data-mod=\"agences\"><div class=\"agency__item\">\n\t\t\t\t\t\t\t\t\t\t<div>\n\t\t\t\t\t\t\t\t\t\t\t<h5 class=\"text__color2\">\u0627\u0644\u0648\u0643\u0627\u0644\u0629 \u0627\u0644\u0631\u0626\u064a\u0633\u064a\u0629\u060c \u0627\u0644\u062f\u0627\u0631 \u0627\u0644\u0628\u064a\u0636\u0627\u0621<\/h5>\n\t\t\t\t\t\t\t\t\t\t\t<h6 class=\"text__color1 text__medium\"><p>57 \u0634\u0627\u0631\u0639 \u0639\u0628\u062f \u0627\u0644\u0645\u0648\u0645\u0646\u060c \u0627\u0644\u062f\u0627\u0631 \u0627\u0644\u0628\u064a\u0636\u0627\u0621<\/p>\n<\/h6>\n\t\t\t\t\t\t\t\t\t\t\t<ul class=\"agency__item_info\">\n\t\t\t\t\t\t\t\t\t\t\t\t<li><span class=\"text__bold\">\u0627\u0644\u0647\u0627\u062a\u0641 : <\/span>0522429784 \/ 0522429638<\/li>\n\t\t\t\t\t\t\t\t\t\t\t\t<li><span class=\"text__bold\">\u0627\u0644\u0647\u0627\u062a\u0641 \u0627\u0644\u0645\u062d\u0645\u0648\u0644 : <\/span>0614004019 \/ 0663562103<\/li>\t\t\t\t\t\t\t\t\t\t\t\t\t\t\t\t\t\t\t\t\t\n\t\t\t\t\t\t\t\t\t\t\t<\/ul>\t\t\t\t\t\t\t\t\t\t\t\n\t\t\t\t\t\t\t\t\t\t<\/div>\t\t\t\t\t\t\t\t\t\t\n\t\t\t\t\t\t\t\t\t<\/div><div class=\"agency__item\">\n\t\t\t\t\t\t\t\t\t\t<div>\n\t\t\t\t\t\t\t\t\t\t\t<h5 class=\"text__color2\">\u0648\u0643\u0627\u0644\u0629 \u0627\u0644\u062f\u0627\u0631 \u0627\u0644\u0628\u064a\u0636\u0627\u0621 \u0633\u064a\u062f\u064a \u0645\u0639\u0631\u0648\u0641<\/h5>\n\t\t\t\t\t\t\t\t\t\t\t<h6 class=\"text__color1 text__medium\"><p>\u0634\u0627\u0631\u0639 \u0623\u0628\u0648 \u0628\u0643\u0631 \u0627\u0644\u0642\u0627\u062f\u0631\u064a\u060c\u0645\u062a\u062c\u0631 \u0631\u0642\u0645 2 \u0641\u064a \u0627\u0644\u0637\u0627\u0628\u0642 \u0627\u0644\u0623\u0631\u0636\u064a \u0644\u0639\u0645\u0627\u0631\u0629 \u0628\u0627\u0646\u0648\u0631\u0627\u0645\u0627 14\u060c\u062c\u064a \u0627\u062a\u0634\u060c\u0633\u064a\u062f\u064a \u0645\u0639\u0631\u0648\u0641<\/p>\n<\/h6>\n\t\t\t\t\t\t\t\t\t\t\t<ul class=\"agency__item_info\">\n\t\t\t\t\t\t\t\t\t\t\t\t<li><span class=\"text__bold\">\u0627\u0644\u0647\u0627\u062a\u0641 : <\/span>0529099887<\/li>\n\t\t\t\t\t\t\t\t\t\t\t\t<li><span class=\"text__bold\">\u0627\u0644\u0647\u0627\u062a\u0641 \u0627\u0644\u0645\u062d\u0645\u0648\u0644 : <\/span>0660142989<\/li>\t\t\t\t\t\t\t\t\t\t\t\t\t\t\t\t\t\t\t\t\t\n\t\t\t\t\t\t\t\t\t\t\t<\/ul>\t\t\t\t\t\t\t\t\t\t\t\n\t\t\t\t\t\t\t\t\t\t<\/div>\t\t\t\t\t\t\t\t\t\t\n\t\t\t\t\t\t\t\t\t<\/div><div class=\"agency__item\">\n\t\t\t\t\t\t\t\t\t\t<div>\n\t\t\t\t\t\t\t\t\t\t\t<h5 class=\"text__color2\">\u0648\u0643\u0627\u0644\u0629 \u0627\u0644\u062f\u0627\u0631 \u0627\u0644\u0628\u064a\u0636\u0627\u0621 \u0627\u0644\u0635\u062e\u0648\u0631 \u0627\u0644\u0633\u0648\u062f\u0627\u0621<\/h5>\n\t\t\t\t\t\t\t\t\t\t\t<h6 class=\"text__color1 text__medium\"><p>18 \u0634\u0627\u0631\u0639 \u0628\u0627 \u062d\u0645\u0627\u062f \u062d\u064a \u0627\u0644\u0645\u062d\u0637\u0629\u060c \u0627\u0644\u062f\u0627\u0631 \u0627\u0644\u0628\u064a\u0636\u0627\u0621<\/p>\n<\/h6>\n\t\t\t\t\t\t\t\t\t\t\t<ul class=\"agency__item_info\">\n\t\t\t\t\t\t\t\t\t\t\t\t<li><span class=\"text__bold\">\u0627\u0644\u0647\u0627\u062a\u0641 : <\/span>0529099855<\/li>\n\t\t\t\t\t\t\t\t\t\t\t\t<li><span class=\"text__bold\">\u0627\u0644\u0647\u0627\u062a\u0641 \u0627\u0644\u0645\u062d\u0645\u0648\u0644 : <\/span>0663593170 \/ 0656516040<\/li>\t\t\t\t\t\t\t\t\t\t\t\t\t\t\t\t\t\t\t\t\t\n\t\t\t\t\t\t\t\t\t\t\t<\/ul>\t\t\t\t\t\t\t\t\t\t\t\n\t\t\t\t\t\t\t\t\t\t<\/div>\t\t\t\t\t\t\t\t\t\t\n\t\t\t\t\t\t\t\t\t<\/div><div class=\"agency__item\">\n\t\t\t\t\t\t\t\t\t\t<div>\n\t\t\t\t\t\t\t\t\t\t\t<h5 class=\"text__color2\">\u0648\u0643\u0627\u0644\u0629 \u0627\u0644\u062c\u062f\u064a\u062f\u0629<\/h5>\n\t\t\t\t\t\t\t\t\t\t\t<h6 class=\"text__color1 text__medium\"><p>\u0634\u0627\u0631\u0639 \u0645\u062d\u0645\u062f \u0627\u0644\u062e\u0627\u0645\u0633\u060c \u0625\u0642\u0627\u0645\u0629 \u0631\u0627\u062f\u064a\u0627\u060c \u0645\u062a\u062c\u0631 \u0631\u0642\u0645 20\u060c \u0627\u0644\u062c\u062f\u064a\u062f\u0629<\/p>\n<\/h6>\n\t\t\t\t\t\t\t\t\t\t\t<ul class=\"agency__item_info\">\n\t\t\t\t\t\t\t\t\t\t\t\t<li><span class=\"text__bold\">\u0627\u0644\u0647\u0627\u062a\u0641 : <\/span>0529099898<\/li>\n\t\t\t\t\t\t\t\t\t\t\t\t<li><span class=\"text__bold\">\u0627\u0644\u0647\u0627\u062a\u0641 \u0627\u0644\u0645\u062d\u0645\u0648\u0644 : <\/span>0660445116 \/ 0770622576<\/li>\t\t\t\t\t\t\t\t\t\t\t\t\t\t\t\t\t\t\t\t\t\n\t\t\t\t\t\t\t\t\t\t\t<\/ul>\t\t\t\t\t\t\t\t\t\t\t\n\t\t\t\t\t\t\t\t\t\t<\/div>\t\t\t\t\t\t\t\t\t\t\n\t\t\t\t\t\t\t\t\t<\/div><div class=\"agency__item\">\n\t\t\t\t\t\t\t\t\t\t<div>\n\t\t\t\t\t\t\t\t\t\t\t<h5 class=\"text__color2\">\u0648\u0643\u0627\u0644\u0629 \u0627\u0644\u0631\u0628\u0627\u0637<\/h5>\n\t\t\t\t\t\t\t\t\t\t\t<h6 class=\"text__color1 text__medium\"><p>\u0634\u0627\u0631\u0639 \u0639\u0642\u0628\u0629 \u0628\u0646 \u0646\u0627\u0641\u0639 \u0642\u0628\u0627\u0644\u0629 \u0645\u062c\u0645\u0639 \u0627\u0628\u0646 \u064a\u0627\u0633\u064a\u0646\u060c \u0627\u0644\u0631\u0628\u0627\u0637<\/p>\n<\/h6>\n\t\t\t\t\t\t\t\t\t\t\t<ul class=\"agency__item_info\">\n\t\t\t\t\t\t\t\t\t\t\t\t<li><span class=\"text__bold\">\u0627\u0644\u0647\u0627\u062a\u0641 : <\/span>0522429763<\/li>\n\t\t\t\t\t\t\t\t\t\t\t\t<li><span class=\"text__bold\">\u0627\u0644\u0647\u0627\u062a\u0641 \u0627\u0644\u0645\u062d\u0645\u0648\u0644 : <\/span>0620300087 \/ 0660744034<\/li>\t\t\t\t\t\t\t\t\t\t\t\t\t\t\t\t\t\t\t\t\t\n\t\t\t\t\t\t\t\t\t\t\t<\/ul>\t\t\t\t\t\t\t\t\t\t\t\n\t\t\t\t\t\t\t\t\t\t<\/div>\t\t\t\t\t\t\t\t\t\t\n\t\t\t\t\t\t\t\t\t<\/div><div class=\"agency__item\">\n\t\t\t\t\t\t\t\t\t\t<div>\n\t\t\t\t\t\t\t\t\t\t\t<h5 class=\"text__color2\">\u0648\u0643\u0627\u0644\u0629 \u0627\u0644\u0631\u0628\u0627\u0637 \u0627\u0644\u0645\u062f\u064a\u0646\u0629<\/h5>\n\t\t\t\t\t\t\t\t\t\t\t<h6 class=\"text__color1 text__medium\"><p>\u0632\u0627\u0648\u064a\u0629 \u0634\u0627\u0631\u0639 \u0637\u0628\u0631\u0642 \u0648\u0634\u0627\u0631\u0639 \u0628\u0646\u0632\u0631\u062a \u0628\u0627\u0644\u0642\u0631\u0628 \u0645\u0646 \u0645\u062d\u0637\u0629 \u0627\u0644\u0631\u0628\u0627\u0637 \u0627\u0644\u0645\u062f\u064a\u0646\u0629<\/p>\n<\/h6>\n\t\t\t\t\t\t\t\t\t\t\t<ul class=\"agency__item_info\">\n\t\t\t\t\t\t\t\t\t\t\t\t<li><span class=\"text__bold\">\u0627\u0644\u0647\u0627\u062a\u0641 : <\/span>0529099617 \/ 0520429617<\/li>\n\t\t\t\t\t\t\t\t\t\t\t\t<li><span class=\"text__bold\">\u0627\u0644\u0647\u0627\u062a\u0641 \u0627\u0644\u0645\u062d\u0645\u0648\u0644 : <\/span>0665352226<\/li>\t\t\t\t\t\t\t\t\t\t\t\t\t\t\t\t\t\t\t\t\t\n\t\t\t\t\t\t\t\t\t\t\t<\/ul>\t\t\t\t\t\t\t\t\t\t\t\n\t\t\t\t\t\t\t\t\t\t<\/div>\t\t\t\t\t\t\t\t\t\t\n\t\t\t\t\t\t\t\t\t<\/div><div class=\"agency__item\">\n\t\t\t\t\t\t\t\t\t\t<div>\n\t\t\t\t\t\t\t\t\t\t\t<h5 class=\"text__color2\">\u0648\u0643\u0627\u0644\u0629 \u062a\u0645\u0627\u0631\u0629<\/h5>\n\t\t\t\t\t\t\t\t\t\t\t<h6 class=\"text__color1 text__medium\"><p>\u0634\u0627\u0631\u0639 \u0627\u0644\u062d\u0633\u0646 \u0627\u0644\u062b\u0627\u0646\u064a\u060c \u0625\u0642\u0627\u0645\u0629 \u0627\u0644\u062a\u0648\u062d\u064a\u062f\u060c \u0639\u0645\u0627\u0631\u0629 \u0631\u0642\u0645 2\u060c \u0645\u062a\u062c\u0631 \u0631\u0642\u0645  8 \u062a\u0645\u0627\u0631\u0629<\/p>\n<\/h6>\n\t\t\t\t\t\t\t\t\t\t\t<ul class=\"agency__item_info\">\n\t\t\t\t\t\t\t\t\t\t\t\t<li><span class=\"text__bold\">\u0627\u0644\u0647\u0627\u062a\u0641 : <\/span>0529099660<\/li>\n\t\t\t\t\t\t\t\t\t\t\t\t<li><span class=\"text__bold\">\u0627\u0644\u0647\u0627\u062a\u0641 \u0627\u0644\u0645\u062d\u0645\u0648\u0644 : <\/span>0660348020<\/li>\t\t\t\t\t\t\t\t\t\t\t\t\t\t\t\t\t\t\t\t\t\n\t\t\t\t\t\t\t\t\t\t\t<\/ul>\t\t\t\t\t\t\t\t\t\t\t\n\t\t\t\t\t\t\t\t\t\t<\/div>\t\t\t\t\t\t\t\t\t\t\n\t\t\t\t\t\t\t\t\t<\/div><div class=\"agency__item\">\n\t\t\t\t\t\t\t\t\t\t<div>\n\t\t\t\t\t\t\t\t\t\t\t<h5 class=\"text__color2\">\u0648\u0643\u0627\u0644\u0629 \u0627\u0644\u0642\u0646\u064a\u0637\u0631\u0629<\/h5>\n\t\t\t\t\t\t\t\t\t\t\t<h6 class=\"text__color1 text__medium\"><p>\u0645\u0648\u0644 \u064a\u0627\u0633\u0645\u064a\u0646\u060c \u0634\u0627\u0631\u0639 \u0627\u0644\u062f\u064a\u0648\u0631\u064a\u060c \u0632\u0627\u0648\u064a\u0629 \u0634\u0627\u0631\u0639 \u0645\u0648\u0644\u0627\u064a \u0639\u0628\u062f \u0627\u0644\u0631\u062d\u0645\u0646\u060c \u0634\u0627\u0631\u0639 \u0639\u0645\u0631 \u0627\u0644\u0645\u062e\u062a\u0627\u0631 \u0648\u0634\u0627\u0631\u0639 \u0625\u062f\u0631\u064a\u0633 \u0627\u0644\u0623\u0643\u0628\u0631<\/p>\n<\/h6>\n\t\t\t\t\t\t\t\t\t\t\t<ul class=\"agency__item_info\">\n\t\t\t\t\t\t\t\t\t\t\t\t<li><span class=\"text__bold\">\u0627\u0644\u0647\u0627\u062a\u0641 : <\/span>0529099748<\/li>\n\t\t\t\t\t\t\t\t\t\t\t\t<li><span class=\"text__bold\">\u0627\u0644\u0647\u0627\u062a\u0641 \u0627\u0644\u0645\u062d\u0645\u0648\u0644 : <\/span>0664428922<\/li>\t\t\t\t\t\t\t\t\t\t\t\t\t\t\t\t\t\t\t\t\t\n\t\t\t\t\t\t\t\t\t\t\t<\/ul>\t\t\t\t\t\t\t\t\t\t\t\n\t\t\t\t\t\t\t\t\t\t<\/div>\t\t\t\t\t\t\t\t\t\t\n\t\t\t\t\t\t\t\t\t<\/div><div class=\"agency__item\">\n\t\t\t\t\t\t\t\t\t\t<div>\n\t\t\t\t\t\t\t\t\t\t\t<h5 class=\"text__color2\">\u0648\u0643\u0627\u0644\u0629 \u0627\u0644\u0645\u062d\u0645\u062f\u064a\u0629<\/h5>\n\t\t\t\t\t\t\t\t\t\t\t<h6 class=\"text__color1 text__medium\"><p>\u0645\u062a\u062c\u0631 \u0631\u0642\u0645 9 \u0625\u0642\u0627\u0645\u0629 \u0648\u064a\u0633\u062a \u0643\u0648\u0633\u062a \u0634\u0627\u0631\u0639 \u0627\u0644\u062d\u0633\u0646 \u0627\u0644\u062b\u0627\u0646\u064a \u0627\u0644\u0645\u062d\u0645\u062f\u064a\u0629<\/p>\n<\/h6>\n\t\t\t\t\t\t\t\t\t\t\t<ul class=\"agency__item_info\">\n\t\t\t\t\t\t\t\t\t\t\t\t<li><span class=\"text__bold\">\u0627\u0644\u0647\u0627\u062a\u0641 : <\/span>0520887574<\/li>\n\t\t\t\t\t\t\t\t\t\t\t\t<li><span class=\"text__bold\">\u0627\u0644\u0647\u0627\u062a\u0641 \u0627\u0644\u0645\u062d\u0645\u0648\u0644 : <\/span>0663562103<\/li>\t\t\t\t\t\t\t\t\t\t\t\t\t\t\t\t\t\t\t\t\t\n\t\t\t\t\t\t\t\t\t\t\t<\/ul>\t\t\t\t\t\t\t\t\t\t\t\n\t\t\t\t\t\t\t\t\t\t<\/div>\t\t\t\t\t\t\t\t\t\t\n\t\t\t\t\t\t\t\t\t<\/div><div class=\"agency__item\">\n\t\t\t\t\t\t\t\t\t\t<div>\n\t\t\t\t\t\t\t\t\t\t\t<h5 class=\"text__color2\">\u0648\u0643\u0627\u0644\u0629 \u0622\u0633\u0641\u064a<\/h5>\n\t\t\t\t\t\t\t\t\t\t\t<h6 class=\"text__color1 text__medium\"><p>\u0639\u0645\u0627\u0631\u0629 \u0627\u0644\u0648\u0644\u0627\u064a\u0629 \u0634\u0627\u0631\u0639 \u0645\u0648\u0644\u0627\u064a \u0625\u062f\u0631\u064a\u0633 \u0627\u0644\u0623\u0648\u0644<\/p>\n<\/h6>\n\t\t\t\t\t\t\t\t\t\t\t<ul class=\"agency__item_info\">\n\t\t\t\t\t\t\t\t\t\t\t\t<li><span class=\"text__bold\">\u0627\u0644\u0647\u0627\u062a\u0641 : <\/span>0520887570<\/li>\n\t\t\t\t\t\t\t\t\t\t\t\t<li><span class=\"text__bold\">\u0627\u0644\u0647\u0627\u062a\u0641 \u0627\u0644\u0645\u062d\u0645\u0648\u0644 : <\/span>0660653586 \/ 0688162220<\/li>\t\t\t\t\t\t\t\t\t\t\t\t\t\t\t\t\t\t\t\t\t\n\t\t\t\t\t\t\t\t\t\t\t<\/ul>\t\t\t\t\t\t\t\t\t\t\t\n\t\t\t\t\t\t\t\t\t\t<\/div>\t\t\t\t\t\t\t\t\t\t\n\t\t\t\t\t\t\t\t\t<\/div><div class=\"agency__item\">\n\t\t\t\t\t\t\t\t\t\t<div>\n\t\t\t\t\t\t\t\t\t\t\t<h5 class=\"text__color2\">\u0648\u0643\u0627\u0644\u0629 \u0648\u062c\u062f\u0629<\/h5>\n\t\t\t\t\t\t\t\t\t\t\t<h6 class=\"text__color1 text__medium\"><p>\u0645\u0639\u0627\u0641\u0649 3\u060c \u0634\u0627\u0631\u0639 \u0645\u062d\u0645\u062f \u0627\u0644\u062e\u0627\u0645\u0633\u060c \u0645\u062a\u062c\u0631 \u0631\u0642\u0645 03\u060c \u0648\u062c\u062f\u0629<\/p>\n<\/h6>\n\t\t\t\t\t\t\t\t\t\t\t<ul class=\"agency__item_info\">\n\t\t\t\t\t\t\t\t\t\t\t\t<li><span class=\"text__bold\">\u0627\u0644\u0647\u0627\u062a\u0641 : <\/span>0529099792<\/li>\n\t\t\t\t\t\t\t\t\t\t\t\t<li><span class=\"text__bold\">\u0627\u0644\u0647\u0627\u062a\u0641 \u0627\u0644\u0645\u062d\u0645\u0648\u0644 : <\/span>0669682390<\/li>\t\t\t\t\t\t\t\t\t\t\t\t\t\t\t\t\t\t\t\t\t\n\t\t\t\t\t\t\t\t\t\t\t<\/ul>\t\t\t\t\t\t\t\t\t\t\t\n\t\t\t\t\t\t\t\t\t\t<\/div>\t\t\t\t\t\t\t\t\t\t\n\t\t\t\t\t\t\t\t\t<\/div><div class=\"agency__item\">\n\t\t\t\t\t\t\t\t\t\t<div>\n\t\t\t\t\t\t\t\t\t\t\t<h5 class=\"text__color2\">\u0648\u0643\u0627\u0644\u0629 \u0633\u0644\u0627<\/h5>\n\t\t\t\t\t\t\t\t\t\t\t<h6 class=\"text__color1 text__medium\"><p>\u0634\u0627\u0631\u0639 \u0645\u062d\u0645\u062f \u0627\u0644\u062e\u0627\u0645\u0633 \u0627\u0644\u063a\u0631\u0627\u0628\u0644\u064a\u0629 \u0625\u0642\u0627\u0645\u0629 \u062f\u064a\u0627\u0631 \u0631\u0642\u0645 1 \u0645\u062d\u0644 \u0631\u0642\u0645 2 \u0633\u0644\u0627<\/p>\n<\/h6>\n\t\t\t\t\t\t\t\t\t\t\t<ul class=\"agency__item_info\">\n\t\t\t\t\t\t\t\t\t\t\t\t<li><span class=\"text__bold\">\u0627\u0644\u0647\u0627\u062a\u0641 : <\/span>0520887516<\/li>\n\t\t\t\t\t\t\t\t\t\t\t\t<li><span class=\"text__bold\">\u0627\u0644\u0647\u0627\u062a\u0641 \u0627\u0644\u0645\u062d\u0645\u0648\u0644 : <\/span>0691615560<\/li>\t\t\t\t\t\t\t\t\t\t\t\t\t\t\t\t\t\t\t\t\t\n\t\t\t\t\t\t\t\t\t\t\t<\/ul>\t\t\t\t\t\t\t\t\t\t\t\n\t\t\t\t\t\t\t\t\t\t<\/div>\t\t\t\t\t\t\t\t\t\t\n\t\t\t\t\t\t\t\t\t<\/div><\/div><div class=\"site__divider is-cinquante\"><\/div>\n                        <div class=\"pagination__wrapper text__center\"><a href=\"javascript:void(0);\" class=\"button__plus\" data-mod=\"agences\" data-page=\"2\" data-nbreAff=\"12\" data-category=\"\"  data-search=\"\" >\t\t\t\t\t\t\t\t\t\t\t\t\t\t\n\t\t\t\t\t\t\t\t\t\t\t\t\t\t\t<span class=\"button__plus_icon\"><\/span>\n\t\t\t\t\t\t\t\t\t\t\t\t\t\t\t<span class=\"button__plus_label\">\u0623\u0638\u0647\u0631 \u0627\u0644\u0645\u0632\u064a\u062f<\/span>\n\t\t\t\t\t\t\t\t\t\t\t\t\t\t<\/a><\/div><\/div>\t\t<\/div>\n\t\t\t\t<\/div>\n\t\t\t\t\t<\/div>\n\t\t<\/div>\n\t\t\t\t\t\t\t<\/div>\n\t\t<\/section>\n\t\t\t\t\t\t\t<\/div>\n\t\t","protected":false},"excerpt":{"rendered":"<p>Agence Casablanca sidi maarouf Bd Abou Bakr El Kadiri, N\u00b0 2 sidi maarouf T\u00e9l. : +212 529 099 887 Agence Oujda MAAFA 3, Boulevard Mohammed V, Magasin N\u00b003 OUJDA T\u00e9l. : +212 529 099 792 Agence T\u00e9touan N\u00b0 478, R\u00e9sidence Acharika. Avenue des FAR, T\u00e9touan T\u00e9l. : (+212) 529 099 828 Fax : (+212) 539 [&hellip;]<\/p>\n","protected":false},"author":1,"featured_media":4996,"parent":2382,"menu_order":35,"comment_status":"closed","ping_status":"closed","template":"","meta":{"footnotes":""},"class_list":["post-2387","page","type-page","status-publish","has-post-thumbnail","hentry"],"acf":{"afficher_le_sous_menu":false},"yoast_head":"<!-- This site is optimized with the Yoast SEO plugin v27.5 - https:\/\/yoast.com\/product\/yoast-seo-wordpress\/ -->\n<title>\u0634\u0628\u0643\u062a\u0646\u0627 - Sofac<\/title>\n<meta name=\"robots\" content=\"index, follow, max-snippet:-1, max-image-preview:large, max-video-preview:-1\" \/>\n<link rel=\"canonical\" href=\"https:\/\/www.sofac.ma\/ar\/%d8%a5%d9%83%d8%aa%d8%b4%d9%81-%d8%b5%d9%88%d9%81%d8%a7%d9%83\/%d8%b4%d8%a8%d9%83%d8%aa%d9%86%d8%a7\/\" \/>\n<meta property=\"og:locale\" content=\"ar_AR\" \/>\n<meta property=\"og:type\" content=\"article\" \/>\n<meta property=\"og:title\" content=\"\u0634\u0628\u0643\u062a\u0646\u0627 - Sofac\" \/>\n<meta property=\"og:description\" content=\"Agence Casablanca sidi maarouf Bd Abou Bakr El Kadiri, N\u00b0 2 sidi maarouf T\u00e9l. : +212 529 099 887 Agence Oujda MAAFA 3, Boulevard Mohammed V, Magasin N\u00b003 OUJDA T\u00e9l. : +212 529 099 792 Agence T\u00e9touan N\u00b0 478, R\u00e9sidence Acharika. Avenue des FAR, T\u00e9touan T\u00e9l. : (+212) 529 099 828 Fax : (+212) 539 [&hellip;]\" \/>\n<meta property=\"og:url\" content=\"https:\/\/www.sofac.ma\/ar\/%d8%a5%d9%83%d8%aa%d8%b4%d9%81-%d8%b5%d9%88%d9%81%d8%a7%d9%83\/%d8%b4%d8%a8%d9%83%d8%aa%d9%86%d8%a7\/\" \/>\n<meta property=\"og:site_name\" content=\"Sofac\" \/>\n<meta property=\"article:publisher\" content=\"https:\/\/www.facebook.com\/SofacMaroc\" \/>\n<meta property=\"article:modified_time\" content=\"2024-02-09T04:00:26+00:00\" \/>\n<meta property=\"og:image\" content=\"https:\/\/www.sofac.ma\/wp-content\/uploads\/2023\/01\/Notre-reseau_1680x633.jpg\" \/>\n\t<meta property=\"og:image:width\" content=\"1680\" \/>\n\t<meta property=\"og:image:height\" content=\"633\" \/>\n\t<meta property=\"og:image:type\" content=\"image\/jpeg\" \/>\n<meta name=\"twitter:card\" content=\"summary_large_image\" \/>\n<script type=\"application\/ld+json\" class=\"yoast-schema-graph\">{\"@context\":\"https:\\\/\\\/schema.org\",\"@graph\":[{\"@type\":\"WebPage\",\"@id\":\"https:\\\/\\\/www.sofac.ma\\\/ar\\\/%d8%a5%d9%83%d8%aa%d8%b4%d9%81-%d8%b5%d9%88%d9%81%d8%a7%d9%83\\\/%d8%b4%d8%a8%d9%83%d8%aa%d9%86%d8%a7\\\/\",\"url\":\"https:\\\/\\\/www.sofac.ma\\\/ar\\\/%d8%a5%d9%83%d8%aa%d8%b4%d9%81-%d8%b5%d9%88%d9%81%d8%a7%d9%83\\\/%d8%b4%d8%a8%d9%83%d8%aa%d9%86%d8%a7\\\/\",\"name\":\"\u0634\u0628\u0643\u062a\u0646\u0627 - Sofac\",\"isPartOf\":{\"@id\":\"https:\\\/\\\/www.sofac.ma\\\/ar\\\/#website\"},\"primaryImageOfPage\":{\"@id\":\"https:\\\/\\\/www.sofac.ma\\\/ar\\\/%d8%a5%d9%83%d8%aa%d8%b4%d9%81-%d8%b5%d9%88%d9%81%d8%a7%d9%83\\\/%d8%b4%d8%a8%d9%83%d8%aa%d9%86%d8%a7\\\/#primaryimage\"},\"image\":{\"@id\":\"https:\\\/\\\/www.sofac.ma\\\/ar\\\/%d8%a5%d9%83%d8%aa%d8%b4%d9%81-%d8%b5%d9%88%d9%81%d8%a7%d9%83\\\/%d8%b4%d8%a8%d9%83%d8%aa%d9%86%d8%a7\\\/#primaryimage\"},\"thumbnailUrl\":\"https:\\\/\\\/www.sofac.ma\\\/wp-content\\\/uploads\\\/2023\\\/01\\\/Notre-reseau_1680x633.jpg\",\"datePublished\":\"2021-12-28T10:30:32+00:00\",\"dateModified\":\"2024-02-09T04:00:26+00:00\",\"breadcrumb\":{\"@id\":\"https:\\\/\\\/www.sofac.ma\\\/ar\\\/%d8%a5%d9%83%d8%aa%d8%b4%d9%81-%d8%b5%d9%88%d9%81%d8%a7%d9%83\\\/%d8%b4%d8%a8%d9%83%d8%aa%d9%86%d8%a7\\\/#breadcrumb\"},\"inLanguage\":\"ar\",\"potentialAction\":[{\"@type\":\"ReadAction\",\"target\":[\"https:\\\/\\\/www.sofac.ma\\\/ar\\\/%d8%a5%d9%83%d8%aa%d8%b4%d9%81-%d8%b5%d9%88%d9%81%d8%a7%d9%83\\\/%d8%b4%d8%a8%d9%83%d8%aa%d9%86%d8%a7\\\/\"]}]},{\"@type\":\"ImageObject\",\"inLanguage\":\"ar\",\"@id\":\"https:\\\/\\\/www.sofac.ma\\\/ar\\\/%d8%a5%d9%83%d8%aa%d8%b4%d9%81-%d8%b5%d9%88%d9%81%d8%a7%d9%83\\\/%d8%b4%d8%a8%d9%83%d8%aa%d9%86%d8%a7\\\/#primaryimage\",\"url\":\"https:\\\/\\\/www.sofac.ma\\\/wp-content\\\/uploads\\\/2023\\\/01\\\/Notre-reseau_1680x633.jpg\",\"contentUrl\":\"https:\\\/\\\/www.sofac.ma\\\/wp-content\\\/uploads\\\/2023\\\/01\\\/Notre-reseau_1680x633.jpg\",\"width\":1680,\"height\":633},{\"@type\":\"BreadcrumbList\",\"@id\":\"https:\\\/\\\/www.sofac.ma\\\/ar\\\/%d8%a5%d9%83%d8%aa%d8%b4%d9%81-%d8%b5%d9%88%d9%81%d8%a7%d9%83\\\/%d8%b4%d8%a8%d9%83%d8%aa%d9%86%d8%a7\\\/#breadcrumb\",\"itemListElement\":[{\"@type\":\"ListItem\",\"position\":1,\"name\":\"\u0627\u0644\u0631\u0626\u064a\u0633\u064a\u0629\",\"item\":\"https:\\\/\\\/www.sofac.ma\\\/ar\\\/\"},{\"@type\":\"ListItem\",\"position\":2,\"name\":\"\u0625\u0643\u062a\u0634\u0641 \u0635\u0648\u0641\u0627\u0643\",\"item\":\"https:\\\/\\\/www.sofac.ma\\\/ar\\\/%d8%a5%d9%83%d8%aa%d8%b4%d9%81-%d8%b5%d9%88%d9%81%d8%a7%d9%83\\\/\"},{\"@type\":\"ListItem\",\"position\":3,\"name\":\"\u0634\u0628\u0643\u062a\u0646\u0627\"}]},{\"@type\":\"WebSite\",\"@id\":\"https:\\\/\\\/www.sofac.ma\\\/ar\\\/#website\",\"url\":\"https:\\\/\\\/www.sofac.ma\\\/ar\\\/\",\"name\":\"Sofac\",\"description\":\"Leader du cr\u00e9dit auto\",\"publisher\":{\"@id\":\"https:\\\/\\\/www.sofac.ma\\\/ar\\\/#organization\"},\"potentialAction\":[{\"@type\":\"SearchAction\",\"target\":{\"@type\":\"EntryPoint\",\"urlTemplate\":\"https:\\\/\\\/www.sofac.ma\\\/ar\\\/?s={search_term_string}\"},\"query-input\":{\"@type\":\"PropertyValueSpecification\",\"valueRequired\":true,\"valueName\":\"search_term_string\"}}],\"inLanguage\":\"ar\"},{\"@type\":\"Organization\",\"@id\":\"https:\\\/\\\/www.sofac.ma\\\/ar\\\/#organization\",\"name\":\"Sofac\",\"url\":\"https:\\\/\\\/www.sofac.ma\\\/ar\\\/\",\"logo\":{\"@type\":\"ImageObject\",\"inLanguage\":\"ar\",\"@id\":\"https:\\\/\\\/www.sofac.ma\\\/ar\\\/#\\\/schema\\\/logo\\\/image\\\/\",\"url\":\"https:\\\/\\\/www.sofac.ma\\\/wp-content\\\/uploads\\\/2021\\\/12\\\/logo.png\",\"contentUrl\":\"https:\\\/\\\/www.sofac.ma\\\/wp-content\\\/uploads\\\/2021\\\/12\\\/logo.png\",\"width\":393,\"height\":120,\"caption\":\"Sofac\"},\"image\":{\"@id\":\"https:\\\/\\\/www.sofac.ma\\\/ar\\\/#\\\/schema\\\/logo\\\/image\\\/\"},\"sameAs\":[\"https:\\\/\\\/www.facebook.com\\\/SofacMaroc\",\"https:\\\/\\\/www.youtube.com\\\/channel\\\/UCfbJ1FxXl91SalW9tjeQFEQ\"]}]}<\/script>\n<!-- \/ Yoast SEO plugin. -->","yoast_head_json":{"title":"\u0634\u0628\u0643\u062a\u0646\u0627 - Sofac","robots":{"index":"index","follow":"follow","max-snippet":"max-snippet:-1","max-image-preview":"max-image-preview:large","max-video-preview":"max-video-preview:-1"},"canonical":"https:\/\/www.sofac.ma\/ar\/%d8%a5%d9%83%d8%aa%d8%b4%d9%81-%d8%b5%d9%88%d9%81%d8%a7%d9%83\/%d8%b4%d8%a8%d9%83%d8%aa%d9%86%d8%a7\/","og_locale":"ar_AR","og_type":"article","og_title":"\u0634\u0628\u0643\u062a\u0646\u0627 - Sofac","og_description":"Agence Casablanca sidi maarouf Bd Abou Bakr El Kadiri, N\u00b0 2 sidi maarouf T\u00e9l. : +212 529 099 887 Agence Oujda MAAFA 3, Boulevard Mohammed V, Magasin N\u00b003 OUJDA T\u00e9l. : +212 529 099 792 Agence T\u00e9touan N\u00b0 478, R\u00e9sidence Acharika. Avenue des FAR, T\u00e9touan T\u00e9l. : (+212) 529 099 828 Fax : (+212) 539 [&hellip;]","og_url":"https:\/\/www.sofac.ma\/ar\/%d8%a5%d9%83%d8%aa%d8%b4%d9%81-%d8%b5%d9%88%d9%81%d8%a7%d9%83\/%d8%b4%d8%a8%d9%83%d8%aa%d9%86%d8%a7\/","og_site_name":"Sofac","article_publisher":"https:\/\/www.facebook.com\/SofacMaroc","article_modified_time":"2024-02-09T04:00:26+00:00","og_image":[{"width":1680,"height":633,"url":"https:\/\/www.sofac.ma\/wp-content\/uploads\/2023\/01\/Notre-reseau_1680x633.jpg","type":"image\/jpeg"}],"twitter_card":"summary_large_image","schema":{"@context":"https:\/\/schema.org","@graph":[{"@type":"WebPage","@id":"https:\/\/www.sofac.ma\/ar\/%d8%a5%d9%83%d8%aa%d8%b4%d9%81-%d8%b5%d9%88%d9%81%d8%a7%d9%83\/%d8%b4%d8%a8%d9%83%d8%aa%d9%86%d8%a7\/","url":"https:\/\/www.sofac.ma\/ar\/%d8%a5%d9%83%d8%aa%d8%b4%d9%81-%d8%b5%d9%88%d9%81%d8%a7%d9%83\/%d8%b4%d8%a8%d9%83%d8%aa%d9%86%d8%a7\/","name":"\u0634\u0628\u0643\u062a\u0646\u0627 - Sofac","isPartOf":{"@id":"https:\/\/www.sofac.ma\/ar\/#website"},"primaryImageOfPage":{"@id":"https:\/\/www.sofac.ma\/ar\/%d8%a5%d9%83%d8%aa%d8%b4%d9%81-%d8%b5%d9%88%d9%81%d8%a7%d9%83\/%d8%b4%d8%a8%d9%83%d8%aa%d9%86%d8%a7\/#primaryimage"},"image":{"@id":"https:\/\/www.sofac.ma\/ar\/%d8%a5%d9%83%d8%aa%d8%b4%d9%81-%d8%b5%d9%88%d9%81%d8%a7%d9%83\/%d8%b4%d8%a8%d9%83%d8%aa%d9%86%d8%a7\/#primaryimage"},"thumbnailUrl":"https:\/\/www.sofac.ma\/wp-content\/uploads\/2023\/01\/Notre-reseau_1680x633.jpg","datePublished":"2021-12-28T10:30:32+00:00","dateModified":"2024-02-09T04:00:26+00:00","breadcrumb":{"@id":"https:\/\/www.sofac.ma\/ar\/%d8%a5%d9%83%d8%aa%d8%b4%d9%81-%d8%b5%d9%88%d9%81%d8%a7%d9%83\/%d8%b4%d8%a8%d9%83%d8%aa%d9%86%d8%a7\/#breadcrumb"},"inLanguage":"ar","potentialAction":[{"@type":"ReadAction","target":["https:\/\/www.sofac.ma\/ar\/%d8%a5%d9%83%d8%aa%d8%b4%d9%81-%d8%b5%d9%88%d9%81%d8%a7%d9%83\/%d8%b4%d8%a8%d9%83%d8%aa%d9%86%d8%a7\/"]}]},{"@type":"ImageObject","inLanguage":"ar","@id":"https:\/\/www.sofac.ma\/ar\/%d8%a5%d9%83%d8%aa%d8%b4%d9%81-%d8%b5%d9%88%d9%81%d8%a7%d9%83\/%d8%b4%d8%a8%d9%83%d8%aa%d9%86%d8%a7\/#primaryimage","url":"https:\/\/www.sofac.ma\/wp-content\/uploads\/2023\/01\/Notre-reseau_1680x633.jpg","contentUrl":"https:\/\/www.sofac.ma\/wp-content\/uploads\/2023\/01\/Notre-reseau_1680x633.jpg","width":1680,"height":633},{"@type":"BreadcrumbList","@id":"https:\/\/www.sofac.ma\/ar\/%d8%a5%d9%83%d8%aa%d8%b4%d9%81-%d8%b5%d9%88%d9%81%d8%a7%d9%83\/%d8%b4%d8%a8%d9%83%d8%aa%d9%86%d8%a7\/#breadcrumb","itemListElement":[{"@type":"ListItem","position":1,"name":"\u0627\u0644\u0631\u0626\u064a\u0633\u064a\u0629","item":"https:\/\/www.sofac.ma\/ar\/"},{"@type":"ListItem","position":2,"name":"\u0625\u0643\u062a\u0634\u0641 \u0635\u0648\u0641\u0627\u0643","item":"https:\/\/www.sofac.ma\/ar\/%d8%a5%d9%83%d8%aa%d8%b4%d9%81-%d8%b5%d9%88%d9%81%d8%a7%d9%83\/"},{"@type":"ListItem","position":3,"name":"\u0634\u0628\u0643\u062a\u0646\u0627"}]},{"@type":"WebSite","@id":"https:\/\/www.sofac.ma\/ar\/#website","url":"https:\/\/www.sofac.ma\/ar\/","name":"Sofac","description":"Leader du cr\u00e9dit auto","publisher":{"@id":"https:\/\/www.sofac.ma\/ar\/#organization"},"potentialAction":[{"@type":"SearchAction","target":{"@type":"EntryPoint","urlTemplate":"https:\/\/www.sofac.ma\/ar\/?s={search_term_string}"},"query-input":{"@type":"PropertyValueSpecification","valueRequired":true,"valueName":"search_term_string"}}],"inLanguage":"ar"},{"@type":"Organization","@id":"https:\/\/www.sofac.ma\/ar\/#organization","name":"Sofac","url":"https:\/\/www.sofac.ma\/ar\/","logo":{"@type":"ImageObject","inLanguage":"ar","@id":"https:\/\/www.sofac.ma\/ar\/#\/schema\/logo\/image\/","url":"https:\/\/www.sofac.ma\/wp-content\/uploads\/2021\/12\/logo.png","contentUrl":"https:\/\/www.sofac.ma\/wp-content\/uploads\/2021\/12\/logo.png","width":393,"height":120,"caption":"Sofac"},"image":{"@id":"https:\/\/www.sofac.ma\/ar\/#\/schema\/logo\/image\/"},"sameAs":["https:\/\/www.facebook.com\/SofacMaroc","https:\/\/www.youtube.com\/channel\/UCfbJ1FxXl91SalW9tjeQFEQ"]}]}},"_links":{"self":[{"href":"https:\/\/www.sofac.ma\/ar\/wp-json\/wp\/v2\/pages\/2387","targetHints":{"allow":["GET"]}}],"collection":[{"href":"https:\/\/www.sofac.ma\/ar\/wp-json\/wp\/v2\/pages"}],"about":[{"href":"https:\/\/www.sofac.ma\/ar\/wp-json\/wp\/v2\/types\/page"}],"author":[{"embeddable":true,"href":"https:\/\/www.sofac.ma\/ar\/wp-json\/wp\/v2\/users\/1"}],"replies":[{"embeddable":true,"href":"https:\/\/www.sofac.ma\/ar\/wp-json\/wp\/v2\/comments?post=2387"}],"version-history":[{"count":3,"href":"https:\/\/www.sofac.ma\/ar\/wp-json\/wp\/v2\/pages\/2387\/revisions"}],"predecessor-version":[{"id":6035,"href":"https:\/\/www.sofac.ma\/ar\/wp-json\/wp\/v2\/pages\/2387\/revisions\/6035"}],"up":[{"embeddable":true,"href":"https:\/\/www.sofac.ma\/ar\/wp-json\/wp\/v2\/pages\/2382"}],"wp:featuredmedia":[{"embeddable":true,"href":"https:\/\/www.sofac.ma\/ar\/wp-json\/wp\/v2\/media\/4996"}],"wp:attachment":[{"href":"https:\/\/www.sofac.ma\/ar\/wp-json\/wp\/v2\/media?parent=2387"}],"curies":[{"name":"wp","href":"https:\/\/api.w.org\/{rel}","templated":true}]}}