{"id":2393,"date":"2021-12-28T11:37:10","date_gmt":"2021-12-28T10:37:10","guid":{"rendered":"http:\/\/196.32.217.22\/~mafc\/site\/%d8%aa%d8%af%d8%a8%d9%8a%d8%b1-%d9%88%d8%aa%d8%ad%d8%b3%d9%8a%d9%86-%d9%85%d8%a7%d9%84%d9%8a%d8%aa%d9%8a\/"},"modified":"2022-02-04T21:51:59","modified_gmt":"2022-02-04T20:51:59","slug":"%d8%aa%d8%af%d8%a8%d9%8a%d8%b1-%d9%88%d8%aa%d8%ad%d8%b3%d9%8a%d9%86-%d9%85%d8%a7%d9%84%d9%8a%d8%aa%d9%8a","status":"publish","type":"page","link":"https:\/\/www.sofac.ma\/ar\/autres-acces\/%d8%aa%d8%af%d8%a8%d9%8a%d8%b1-%d9%88%d8%aa%d8%ad%d8%b3%d9%8a%d9%86-%d9%85%d8%a7%d9%84%d9%8a%d8%aa%d9%8a\/","title":{"rendered":"\u062a\u062f\u0628\u064a\u0631 \u0648\u062a\u062d\u0633\u064a\u0646 \u0645\u0627\u0644\u064a\u062a\u064a"},"content":{"rendered":"\t\t<div data-elementor-type=\"wp-page\" data-elementor-id=\"2393\" class=\"elementor elementor-2393 elementor-43\">\n\t\t\t\t\t\t\t\t\t<section class=\"elementor-section elementor-top-section elementor-element elementor-element-2072193 elementor-section-boxed elementor-section-height-default elementor-section-height-default\" data-id=\"2072193\" data-element_type=\"section\">\n\t\t\t\t\t\t<div class=\"elementor-container elementor-column-gap-default\">\n\t\t\t\t\t<div class=\"elementor-column elementor-col-100 elementor-top-column elementor-element elementor-element-1bdd074\" data-id=\"1bdd074\" data-element_type=\"column\">\n\t\t\t<div class=\"elementor-widget-wrap elementor-element-populated\">\n\t\t\t\t\t\t\t\t<div class=\"elementor-element elementor-element-f927ef8 elementor-widget elementor-widget-emb_depense\" data-id=\"f927ef8\" data-element_type=\"widget\" data-widget_type=\"emb_depense.default\">\n\t\t\t\t<div class=\"elementor-widget-container\">\n\t\t\t<div class=\"row\">\n\t\t\t\n        <div class=\"col-md-6 col-xs-12\">\n            <h2 class=\"text__color1\">\u0627\u0644\u0625\u064a\u0631\u0627\u062f\u0627\u062a<\/h2>\n            <div class=\"padding__v15\">\n                <label for=\"revenu1\">\u0627\u0644\u062f\u062e\u0644 \u0627\u0644\u0634\u0647\u0631\u064a<\/label>\n                <input type=\"text\" name=\"revenu1\" id=\"revenu1\" value=\"\" placeholder=\"0.00\">\n            <\/div>\n            <div class=\"padding__v15\">\n                <label for=\"revenu2\">\u0627\u0644\u062f\u062e\u0644 \u0627\u0644\u0634\u0647\u0631\u064a \u0644\u0644\u0632\u0648\u062c<\/label>\n                <input type=\"text\" name=\"revenu2\" id=\"revenu2\" value=\"\" placeholder=\"0.00\">\n            <\/div>\n            <div class=\"padding__v15\">\n                <label for=\"revenu3\">\u0645\u0635\u062f\u0631 \u062f\u062e\u0644 \u0622\u062e\u0631<\/label>\n                <input type=\"text\" name=\"revenu3\" id=\"revenu3\" value=\"\" placeholder=\"0.00\">\n            <\/div>\n\n            <div class=\"depense__total_wrapper\">\n                <h3 class=\"title__1\" id=\"totalRevenus\"><span>\u0645\u062c\u0645\u0648\u0639 : <strong>0.00<\/strong><\/span><\/h3>\n                     \n            <\/div>\n\n        <\/div>\n\n\n        <div class=\"col-md-6 col-xs-12\">\n            <h2 class=\"text__color1\">\u0627\u0644\u0645\u0635\u0627\u0631\u064a\u0641<\/h2>\n            <div class=\"padding__v15\">\n                <label for=\"depense0\">\u0625\u062c\u0645\u0627\u0644\u064a \u0645\u062f\u0641\u0648\u0639\u0627\u062a \u0627\u0644\u0642\u0631\u0636 \u0627\u0644\u0634\u0647\u0631\u064a\u0629<\/label>\n                <input type=\"text\" name=\"depense0\" id=\"depense0\" value=\"\" placeholder=\"0.00\">\n            <\/div>\n            <div class=\"padding__v15\">\n                <label for=\"depense1\">\u0627\u0644\u0637\u0639\u0627\u0645: \u0627\u0644\u0645\u064a\u0632\u0627\u0646\u064a\u0629 \u0627\u0644\u0634\u0647\u0631\u064a\u0629<\/label>\n                <input type=\"text\" name=\"depense1\" id=\"depense1\" value=\"\" placeholder=\"0.00\">\n            <\/div>\n            <div class=\"padding__v15\">\n                <label for=\"depense2\">\u0645\u0635\u0627\u0631\u064a\u0641 \u0627\u0644\u0647\u0627\u062a\u0641<\/label>\n                <input type=\"text\" name=\"depense2\" id=\"depense2\" value=\"\" placeholder=\"0.00\">\n            <\/div>\n            <div class=\"padding__v15\">\n                <label for=\"depense3\">\u0627\u0644\u063a\u0627\u0632 \u0644\u0644\u0633\u064a\u0627\u0631\u0629<\/label>\n                <input type=\"text\" name=\"depense3\" id=\"depense3\" value=\"\" placeholder=\"0.00\">\n            <\/div>\n            <div class=\"padding__v15\">\n                <label for=\"depense4\">\u0631\u0633\u0648\u0645 \u0627\u0644\u0625\u0646\u062a\u0631\u0646\u062a<\/label>\n                <input type=\"text\" name=\"depense4\" id=\"depense4\" value=\"\" placeholder=\"0.00\">\n            <\/div>\n            <div class=\"padding__v15\">\n                <label for=\"depense5\">\u0646\u0641\u0642\u0627\u062a \u0627\u0644\u0637\u0627\u0642\u0629<\/label>\n                <input type=\"text\" name=\"depense5\" id=\"depense5\" value=\"\" placeholder=\"0.00\">\n            <\/div>\n            <div class=\"padding__v15\">\n                <label for=\"depense6\">\u062a\u0643\u0627\u0644\u064a\u0641 \u0627\u0644\u0631\u0639\u0627\u064a\u0629 \u0627\u0644\u0635\u062d\u064a\u0629<\/label>\n                <input type=\"text\" name=\"depense6\" id=\"depense6\" value=\"\" placeholder=\"0.00\">\n            <\/div>\n            <div class=\"padding__v15\">\n                <label for=\"depense7\">\u0627\u0644\u0639\u0637\u0644<\/label>\n                <input type=\"text\" name=\"depense7\" id=\"depense7\" value=\"\" placeholder=\"0.00\">\n            <\/div>\n            <div class=\"padding__v15\">\n                <label for=\"depense8\">\u0627\u0644\u062a\u0631\u0641\u064a\u0647<\/label>\n                <input type=\"text\" name=\"depense8\" id=\"depense8\" value=\"\" placeholder=\"0.00\">\n            <\/div>\n            <div class=\"padding__v15\">\n                <label for=\"depense9\">\u0627\u0644\u0647\u062f\u0627\u064a\u0627<\/label>\n                <input type=\"text\" name=\"depense9\" id=\"depense9\" value=\"\" placeholder=\"0.00\">\n            <\/div>\n            <div class=\"total__wrapper\">\n                <h3 class=\"title__1\" id=\"totalDepenses\"><span>\u0645\u062c\u0645\u0648\u0639 : <strong>0.00<\/strong><\/span><\/h3>            \n                <h3 class=\"title__1 text__color1\" id=\"ResteRevenu\"><span>\u0627\u0644\u0628\u0627\u0642\u064a <strong>0.00<\/strong><\/span><\/h3>   \n            <\/div>\n        <\/div>\n    <\/div>\t\t<\/div>\n\t\t\t\t<\/div>\n\t\t\t\t\t<\/div>\n\t\t<\/div>\n\t\t\t\t\t\t\t<\/div>\n\t\t<\/section>\n\t\t\t\t\t\t\t<\/div>\n\t\t","protected":false},"excerpt":{"rendered":"<p>\u062f\u062e\u0644 \u0627\u0644\u062f\u062e\u0644 \u0627\u0644\u0634\u0647\u0631\u064a \u0627\u0644\u062f\u062e\u0644 \u0627\u0644\u0634\u0647\u0631\u064a \u0644\u0644\u0632\u0648\u062c \u0645\u0635\u062f\u0631 \u062f\u062e\u0644 \u0622\u062e\u0631 \u0645\u062c\u0645\u0648\u0639 : 0.00 D\u00c9PENSES Total versements mensuels de pr\u00eat Alimentation: budget mensuel D\u00e9penses de t\u00e9l\u00e9phonie Gaz pour la voiture Frais d&#8217;Internet D\u00e9penses \u00e9nerg\u00e9tiques \u062a\u0643\u0627\u0644\u064a\u0641 \u0627\u0644\u0631\u0639\u0627\u064a\u0629 \u0627\u0644\u0635\u062d\u064a\u0629 \u0627\u0644\u0639\u0637\u0644 \u0627\u0644\u062a\u0631\u0641\u064a\u0647 \u0627\u0644\u0647\u062f\u0627\u064a\u0627 \u0645\u062c\u0645\u0648\u0639 : 0.00 Reste : 0.00<\/p>\n","protected":false},"author":1,"featured_media":4965,"parent":2413,"menu_order":13,"comment_status":"closed","ping_status":"closed","template":"","meta":{"footnotes":""},"class_list":["post-2393","page","type-page","status-publish","has-post-thumbnail","hentry"],"acf":{"afficher_le_sous_menu":false},"yoast_head":"<!-- This site is optimized with the Yoast SEO plugin v27.4 - https:\/\/yoast.com\/product\/yoast-seo-wordpress\/ -->\n<title>\u062a\u062f\u0628\u064a\u0631 \u0648\u062a\u062d\u0633\u064a\u0646 \u0645\u0627\u0644\u064a\u062a\u064a - Sofac<\/title>\n<meta name=\"robots\" content=\"index, follow, max-snippet:-1, max-image-preview:large, max-video-preview:-1\" \/>\n<link rel=\"canonical\" href=\"https:\/\/www.sofac.ma\/ar\/autres-acces\/%d8%aa%d8%af%d8%a8%d9%8a%d8%b1-%d9%88%d8%aa%d8%ad%d8%b3%d9%8a%d9%86-%d9%85%d8%a7%d9%84%d9%8a%d8%aa%d9%8a\/\" \/>\n<meta property=\"og:locale\" content=\"ar_AR\" \/>\n<meta property=\"og:type\" content=\"article\" \/>\n<meta property=\"og:title\" content=\"\u062a\u062f\u0628\u064a\u0631 \u0648\u062a\u062d\u0633\u064a\u0646 \u0645\u0627\u0644\u064a\u062a\u064a - Sofac\" \/>\n<meta property=\"og:description\" content=\"\u062f\u062e\u0644 \u0627\u0644\u062f\u062e\u0644 \u0627\u0644\u0634\u0647\u0631\u064a \u0627\u0644\u062f\u062e\u0644 \u0627\u0644\u0634\u0647\u0631\u064a \u0644\u0644\u0632\u0648\u062c \u0645\u0635\u062f\u0631 \u062f\u062e\u0644 \u0622\u062e\u0631 \u0645\u062c\u0645\u0648\u0639 : 0.00 D\u00c9PENSES Total versements mensuels de pr\u00eat Alimentation: budget mensuel D\u00e9penses de t\u00e9l\u00e9phonie Gaz pour la voiture Frais d&#8217;Internet D\u00e9penses \u00e9nerg\u00e9tiques \u062a\u0643\u0627\u0644\u064a\u0641 \u0627\u0644\u0631\u0639\u0627\u064a\u0629 \u0627\u0644\u0635\u062d\u064a\u0629 \u0627\u0644\u0639\u0637\u0644 \u0627\u0644\u062a\u0631\u0641\u064a\u0647 \u0627\u0644\u0647\u062f\u0627\u064a\u0627 \u0645\u062c\u0645\u0648\u0639 : 0.00 Reste : 0.00\" \/>\n<meta property=\"og:url\" content=\"https:\/\/www.sofac.ma\/ar\/autres-acces\/%d8%aa%d8%af%d8%a8%d9%8a%d8%b1-%d9%88%d8%aa%d8%ad%d8%b3%d9%8a%d9%86-%d9%85%d8%a7%d9%84%d9%8a%d8%aa%d9%8a\/\" \/>\n<meta property=\"og:site_name\" content=\"Sofac\" \/>\n<meta property=\"article:publisher\" content=\"https:\/\/www.facebook.com\/SofacMaroc\" \/>\n<meta property=\"article:modified_time\" content=\"2022-02-04T20:51:59+00:00\" \/>\n<meta property=\"og:image\" content=\"https:\/\/www.sofac.ma\/wp-content\/uploads\/2023\/01\/Gerer-optimiser-mon-argent_1680x633.jpg\" \/>\n\t<meta property=\"og:image:width\" content=\"1680\" \/>\n\t<meta property=\"og:image:height\" content=\"633\" \/>\n\t<meta property=\"og:image:type\" content=\"image\/jpeg\" \/>\n<meta name=\"twitter:card\" content=\"summary_large_image\" \/>\n<script type=\"application\/ld+json\" class=\"yoast-schema-graph\">{\"@context\":\"https:\\\/\\\/schema.org\",\"@graph\":[{\"@type\":\"WebPage\",\"@id\":\"https:\\\/\\\/www.sofac.ma\\\/ar\\\/autres-acces\\\/%d8%aa%d8%af%d8%a8%d9%8a%d8%b1-%d9%88%d8%aa%d8%ad%d8%b3%d9%8a%d9%86-%d9%85%d8%a7%d9%84%d9%8a%d8%aa%d9%8a\\\/\",\"url\":\"https:\\\/\\\/www.sofac.ma\\\/ar\\\/autres-acces\\\/%d8%aa%d8%af%d8%a8%d9%8a%d8%b1-%d9%88%d8%aa%d8%ad%d8%b3%d9%8a%d9%86-%d9%85%d8%a7%d9%84%d9%8a%d8%aa%d9%8a\\\/\",\"name\":\"\u062a\u062f\u0628\u064a\u0631 \u0648\u062a\u062d\u0633\u064a\u0646 \u0645\u0627\u0644\u064a\u062a\u064a - Sofac\",\"isPartOf\":{\"@id\":\"https:\\\/\\\/www.sofac.ma\\\/ar\\\/#website\"},\"primaryImageOfPage\":{\"@id\":\"https:\\\/\\\/www.sofac.ma\\\/ar\\\/autres-acces\\\/%d8%aa%d8%af%d8%a8%d9%8a%d8%b1-%d9%88%d8%aa%d8%ad%d8%b3%d9%8a%d9%86-%d9%85%d8%a7%d9%84%d9%8a%d8%aa%d9%8a\\\/#primaryimage\"},\"image\":{\"@id\":\"https:\\\/\\\/www.sofac.ma\\\/ar\\\/autres-acces\\\/%d8%aa%d8%af%d8%a8%d9%8a%d8%b1-%d9%88%d8%aa%d8%ad%d8%b3%d9%8a%d9%86-%d9%85%d8%a7%d9%84%d9%8a%d8%aa%d9%8a\\\/#primaryimage\"},\"thumbnailUrl\":\"https:\\\/\\\/www.sofac.ma\\\/wp-content\\\/uploads\\\/2023\\\/01\\\/Gerer-optimiser-mon-argent_1680x633.jpg\",\"datePublished\":\"2021-12-28T10:37:10+00:00\",\"dateModified\":\"2022-02-04T20:51:59+00:00\",\"breadcrumb\":{\"@id\":\"https:\\\/\\\/www.sofac.ma\\\/ar\\\/autres-acces\\\/%d8%aa%d8%af%d8%a8%d9%8a%d8%b1-%d9%88%d8%aa%d8%ad%d8%b3%d9%8a%d9%86-%d9%85%d8%a7%d9%84%d9%8a%d8%aa%d9%8a\\\/#breadcrumb\"},\"inLanguage\":\"ar\",\"potentialAction\":[{\"@type\":\"ReadAction\",\"target\":[\"https:\\\/\\\/www.sofac.ma\\\/ar\\\/autres-acces\\\/%d8%aa%d8%af%d8%a8%d9%8a%d8%b1-%d9%88%d8%aa%d8%ad%d8%b3%d9%8a%d9%86-%d9%85%d8%a7%d9%84%d9%8a%d8%aa%d9%8a\\\/\"]}]},{\"@type\":\"ImageObject\",\"inLanguage\":\"ar\",\"@id\":\"https:\\\/\\\/www.sofac.ma\\\/ar\\\/autres-acces\\\/%d8%aa%d8%af%d8%a8%d9%8a%d8%b1-%d9%88%d8%aa%d8%ad%d8%b3%d9%8a%d9%86-%d9%85%d8%a7%d9%84%d9%8a%d8%aa%d9%8a\\\/#primaryimage\",\"url\":\"https:\\\/\\\/www.sofac.ma\\\/wp-content\\\/uploads\\\/2023\\\/01\\\/Gerer-optimiser-mon-argent_1680x633.jpg\",\"contentUrl\":\"https:\\\/\\\/www.sofac.ma\\\/wp-content\\\/uploads\\\/2023\\\/01\\\/Gerer-optimiser-mon-argent_1680x633.jpg\",\"width\":1680,\"height\":633},{\"@type\":\"BreadcrumbList\",\"@id\":\"https:\\\/\\\/www.sofac.ma\\\/ar\\\/autres-acces\\\/%d8%aa%d8%af%d8%a8%d9%8a%d8%b1-%d9%88%d8%aa%d8%ad%d8%b3%d9%8a%d9%86-%d9%85%d8%a7%d9%84%d9%8a%d8%aa%d9%8a\\\/#breadcrumb\",\"itemListElement\":[{\"@type\":\"ListItem\",\"position\":1,\"name\":\"\u0627\u0644\u0631\u0626\u064a\u0633\u064a\u0629\",\"item\":\"https:\\\/\\\/www.sofac.ma\\\/ar\\\/\"},{\"@type\":\"ListItem\",\"position\":2,\"name\":\"\u0635\u0641\u062d\u0627\u062a \u0623\u062e\u0631\u0649\",\"item\":\"https:\\\/\\\/www.sofac.ma\\\/ar\\\/autres-acces\\\/\"},{\"@type\":\"ListItem\",\"position\":3,\"name\":\"\u062a\u062f\u0628\u064a\u0631 \u0648\u062a\u062d\u0633\u064a\u0646 \u0645\u0627\u0644\u064a\u062a\u064a\"}]},{\"@type\":\"WebSite\",\"@id\":\"https:\\\/\\\/www.sofac.ma\\\/ar\\\/#website\",\"url\":\"https:\\\/\\\/www.sofac.ma\\\/ar\\\/\",\"name\":\"Sofac\",\"description\":\"Leader du cr\u00e9dit auto\",\"publisher\":{\"@id\":\"https:\\\/\\\/www.sofac.ma\\\/ar\\\/#organization\"},\"potentialAction\":[{\"@type\":\"SearchAction\",\"target\":{\"@type\":\"EntryPoint\",\"urlTemplate\":\"https:\\\/\\\/www.sofac.ma\\\/ar\\\/?s={search_term_string}\"},\"query-input\":{\"@type\":\"PropertyValueSpecification\",\"valueRequired\":true,\"valueName\":\"search_term_string\"}}],\"inLanguage\":\"ar\"},{\"@type\":\"Organization\",\"@id\":\"https:\\\/\\\/www.sofac.ma\\\/ar\\\/#organization\",\"name\":\"Sofac\",\"url\":\"https:\\\/\\\/www.sofac.ma\\\/ar\\\/\",\"logo\":{\"@type\":\"ImageObject\",\"inLanguage\":\"ar\",\"@id\":\"https:\\\/\\\/www.sofac.ma\\\/ar\\\/#\\\/schema\\\/logo\\\/image\\\/\",\"url\":\"https:\\\/\\\/www.sofac.ma\\\/wp-content\\\/uploads\\\/2021\\\/12\\\/logo.png\",\"contentUrl\":\"https:\\\/\\\/www.sofac.ma\\\/wp-content\\\/uploads\\\/2021\\\/12\\\/logo.png\",\"width\":393,\"height\":120,\"caption\":\"Sofac\"},\"image\":{\"@id\":\"https:\\\/\\\/www.sofac.ma\\\/ar\\\/#\\\/schema\\\/logo\\\/image\\\/\"},\"sameAs\":[\"https:\\\/\\\/www.facebook.com\\\/SofacMaroc\",\"https:\\\/\\\/www.youtube.com\\\/channel\\\/UCfbJ1FxXl91SalW9tjeQFEQ\"]}]}<\/script>\n<!-- \/ Yoast SEO plugin. -->","yoast_head_json":{"title":"\u062a\u062f\u0628\u064a\u0631 \u0648\u062a\u062d\u0633\u064a\u0646 \u0645\u0627\u0644\u064a\u062a\u064a - Sofac","robots":{"index":"index","follow":"follow","max-snippet":"max-snippet:-1","max-image-preview":"max-image-preview:large","max-video-preview":"max-video-preview:-1"},"canonical":"https:\/\/www.sofac.ma\/ar\/autres-acces\/%d8%aa%d8%af%d8%a8%d9%8a%d8%b1-%d9%88%d8%aa%d8%ad%d8%b3%d9%8a%d9%86-%d9%85%d8%a7%d9%84%d9%8a%d8%aa%d9%8a\/","og_locale":"ar_AR","og_type":"article","og_title":"\u062a\u062f\u0628\u064a\u0631 \u0648\u062a\u062d\u0633\u064a\u0646 \u0645\u0627\u0644\u064a\u062a\u064a - Sofac","og_description":"\u062f\u062e\u0644 \u0627\u0644\u062f\u062e\u0644 \u0627\u0644\u0634\u0647\u0631\u064a \u0627\u0644\u062f\u062e\u0644 \u0627\u0644\u0634\u0647\u0631\u064a \u0644\u0644\u0632\u0648\u062c \u0645\u0635\u062f\u0631 \u062f\u062e\u0644 \u0622\u062e\u0631 \u0645\u062c\u0645\u0648\u0639 : 0.00 D\u00c9PENSES Total versements mensuels de pr\u00eat Alimentation: budget mensuel D\u00e9penses de t\u00e9l\u00e9phonie Gaz pour la voiture Frais d&#8217;Internet D\u00e9penses \u00e9nerg\u00e9tiques \u062a\u0643\u0627\u0644\u064a\u0641 \u0627\u0644\u0631\u0639\u0627\u064a\u0629 \u0627\u0644\u0635\u062d\u064a\u0629 \u0627\u0644\u0639\u0637\u0644 \u0627\u0644\u062a\u0631\u0641\u064a\u0647 \u0627\u0644\u0647\u062f\u0627\u064a\u0627 \u0645\u062c\u0645\u0648\u0639 : 0.00 Reste : 0.00","og_url":"https:\/\/www.sofac.ma\/ar\/autres-acces\/%d8%aa%d8%af%d8%a8%d9%8a%d8%b1-%d9%88%d8%aa%d8%ad%d8%b3%d9%8a%d9%86-%d9%85%d8%a7%d9%84%d9%8a%d8%aa%d9%8a\/","og_site_name":"Sofac","article_publisher":"https:\/\/www.facebook.com\/SofacMaroc","article_modified_time":"2022-02-04T20:51:59+00:00","og_image":[{"width":1680,"height":633,"url":"https:\/\/www.sofac.ma\/wp-content\/uploads\/2023\/01\/Gerer-optimiser-mon-argent_1680x633.jpg","type":"image\/jpeg"}],"twitter_card":"summary_large_image","schema":{"@context":"https:\/\/schema.org","@graph":[{"@type":"WebPage","@id":"https:\/\/www.sofac.ma\/ar\/autres-acces\/%d8%aa%d8%af%d8%a8%d9%8a%d8%b1-%d9%88%d8%aa%d8%ad%d8%b3%d9%8a%d9%86-%d9%85%d8%a7%d9%84%d9%8a%d8%aa%d9%8a\/","url":"https:\/\/www.sofac.ma\/ar\/autres-acces\/%d8%aa%d8%af%d8%a8%d9%8a%d8%b1-%d9%88%d8%aa%d8%ad%d8%b3%d9%8a%d9%86-%d9%85%d8%a7%d9%84%d9%8a%d8%aa%d9%8a\/","name":"\u062a\u062f\u0628\u064a\u0631 \u0648\u062a\u062d\u0633\u064a\u0646 \u0645\u0627\u0644\u064a\u062a\u064a - Sofac","isPartOf":{"@id":"https:\/\/www.sofac.ma\/ar\/#website"},"primaryImageOfPage":{"@id":"https:\/\/www.sofac.ma\/ar\/autres-acces\/%d8%aa%d8%af%d8%a8%d9%8a%d8%b1-%d9%88%d8%aa%d8%ad%d8%b3%d9%8a%d9%86-%d9%85%d8%a7%d9%84%d9%8a%d8%aa%d9%8a\/#primaryimage"},"image":{"@id":"https:\/\/www.sofac.ma\/ar\/autres-acces\/%d8%aa%d8%af%d8%a8%d9%8a%d8%b1-%d9%88%d8%aa%d8%ad%d8%b3%d9%8a%d9%86-%d9%85%d8%a7%d9%84%d9%8a%d8%aa%d9%8a\/#primaryimage"},"thumbnailUrl":"https:\/\/www.sofac.ma\/wp-content\/uploads\/2023\/01\/Gerer-optimiser-mon-argent_1680x633.jpg","datePublished":"2021-12-28T10:37:10+00:00","dateModified":"2022-02-04T20:51:59+00:00","breadcrumb":{"@id":"https:\/\/www.sofac.ma\/ar\/autres-acces\/%d8%aa%d8%af%d8%a8%d9%8a%d8%b1-%d9%88%d8%aa%d8%ad%d8%b3%d9%8a%d9%86-%d9%85%d8%a7%d9%84%d9%8a%d8%aa%d9%8a\/#breadcrumb"},"inLanguage":"ar","potentialAction":[{"@type":"ReadAction","target":["https:\/\/www.sofac.ma\/ar\/autres-acces\/%d8%aa%d8%af%d8%a8%d9%8a%d8%b1-%d9%88%d8%aa%d8%ad%d8%b3%d9%8a%d9%86-%d9%85%d8%a7%d9%84%d9%8a%d8%aa%d9%8a\/"]}]},{"@type":"ImageObject","inLanguage":"ar","@id":"https:\/\/www.sofac.ma\/ar\/autres-acces\/%d8%aa%d8%af%d8%a8%d9%8a%d8%b1-%d9%88%d8%aa%d8%ad%d8%b3%d9%8a%d9%86-%d9%85%d8%a7%d9%84%d9%8a%d8%aa%d9%8a\/#primaryimage","url":"https:\/\/www.sofac.ma\/wp-content\/uploads\/2023\/01\/Gerer-optimiser-mon-argent_1680x633.jpg","contentUrl":"https:\/\/www.sofac.ma\/wp-content\/uploads\/2023\/01\/Gerer-optimiser-mon-argent_1680x633.jpg","width":1680,"height":633},{"@type":"BreadcrumbList","@id":"https:\/\/www.sofac.ma\/ar\/autres-acces\/%d8%aa%d8%af%d8%a8%d9%8a%d8%b1-%d9%88%d8%aa%d8%ad%d8%b3%d9%8a%d9%86-%d9%85%d8%a7%d9%84%d9%8a%d8%aa%d9%8a\/#breadcrumb","itemListElement":[{"@type":"ListItem","position":1,"name":"\u0627\u0644\u0631\u0626\u064a\u0633\u064a\u0629","item":"https:\/\/www.sofac.ma\/ar\/"},{"@type":"ListItem","position":2,"name":"\u0635\u0641\u062d\u0627\u062a \u0623\u062e\u0631\u0649","item":"https:\/\/www.sofac.ma\/ar\/autres-acces\/"},{"@type":"ListItem","position":3,"name":"\u062a\u062f\u0628\u064a\u0631 \u0648\u062a\u062d\u0633\u064a\u0646 \u0645\u0627\u0644\u064a\u062a\u064a"}]},{"@type":"WebSite","@id":"https:\/\/www.sofac.ma\/ar\/#website","url":"https:\/\/www.sofac.ma\/ar\/","name":"Sofac","description":"Leader du cr\u00e9dit auto","publisher":{"@id":"https:\/\/www.sofac.ma\/ar\/#organization"},"potentialAction":[{"@type":"SearchAction","target":{"@type":"EntryPoint","urlTemplate":"https:\/\/www.sofac.ma\/ar\/?s={search_term_string}"},"query-input":{"@type":"PropertyValueSpecification","valueRequired":true,"valueName":"search_term_string"}}],"inLanguage":"ar"},{"@type":"Organization","@id":"https:\/\/www.sofac.ma\/ar\/#organization","name":"Sofac","url":"https:\/\/www.sofac.ma\/ar\/","logo":{"@type":"ImageObject","inLanguage":"ar","@id":"https:\/\/www.sofac.ma\/ar\/#\/schema\/logo\/image\/","url":"https:\/\/www.sofac.ma\/wp-content\/uploads\/2021\/12\/logo.png","contentUrl":"https:\/\/www.sofac.ma\/wp-content\/uploads\/2021\/12\/logo.png","width":393,"height":120,"caption":"Sofac"},"image":{"@id":"https:\/\/www.sofac.ma\/ar\/#\/schema\/logo\/image\/"},"sameAs":["https:\/\/www.facebook.com\/SofacMaroc","https:\/\/www.youtube.com\/channel\/UCfbJ1FxXl91SalW9tjeQFEQ"]}]}},"_links":{"self":[{"href":"https:\/\/www.sofac.ma\/ar\/wp-json\/wp\/v2\/pages\/2393","targetHints":{"allow":["GET"]}}],"collection":[{"href":"https:\/\/www.sofac.ma\/ar\/wp-json\/wp\/v2\/pages"}],"about":[{"href":"https:\/\/www.sofac.ma\/ar\/wp-json\/wp\/v2\/types\/page"}],"author":[{"embeddable":true,"href":"https:\/\/www.sofac.ma\/ar\/wp-json\/wp\/v2\/users\/1"}],"replies":[{"embeddable":true,"href":"https:\/\/www.sofac.ma\/ar\/wp-json\/wp\/v2\/comments?post=2393"}],"version-history":[{"count":0,"href":"https:\/\/www.sofac.ma\/ar\/wp-json\/wp\/v2\/pages\/2393\/revisions"}],"up":[{"embeddable":true,"href":"https:\/\/www.sofac.ma\/ar\/wp-json\/wp\/v2\/pages\/2413"}],"wp:featuredmedia":[{"embeddable":true,"href":"https:\/\/www.sofac.ma\/ar\/wp-json\/wp\/v2\/media\/4965"}],"wp:attachment":[{"href":"https:\/\/www.sofac.ma\/ar\/wp-json\/wp\/v2\/media?parent=2393"}],"curies":[{"name":"wp","href":"https:\/\/api.w.org\/{rel}","templated":true}]}}