{"id":2424,"date":"2021-12-28T11:35:57","date_gmt":"2021-12-28T10:35:57","guid":{"rendered":"http:\/\/196.32.217.22\/~mafc\/site\/autres-acces\/jeux-concours\/"},"modified":"2022-04-21T14:54:11","modified_gmt":"2022-04-21T14:54:11","slug":"jeux-concours","status":"publish","type":"page","link":"https:\/\/www.sofac.ma\/ar\/autres-acces\/jeux-concours\/","title":{"rendered":"\u0627\u0644\u0623\u0644\u0639\u0627\u0628 \u0648\u0627\u0644\u0645\u0633\u0627\u0628\u0642\u0627\u062a"},"content":{"rendered":"\t\t<div data-elementor-type=\"wp-page\" data-elementor-id=\"2424\" class=\"elementor elementor-2424 elementor-39\">\n\t\t\t\t\t\t\t\t\t<section class=\"elementor-section elementor-top-section elementor-element elementor-element-5babedc elementor-section-boxed elementor-section-height-default elementor-section-height-default\" data-id=\"5babedc\" data-element_type=\"section\">\n\t\t\t\t\t\t<div class=\"elementor-container elementor-column-gap-default\">\n\t\t\t\t\t<div class=\"elementor-column elementor-col-100 elementor-top-column elementor-element elementor-element-eed72fb\" data-id=\"eed72fb\" data-element_type=\"column\">\n\t\t\t<div class=\"elementor-widget-wrap elementor-element-populated\">\n\t\t\t\t\t\t\t\t<div class=\"elementor-element elementor-element-b9911d0 elementor-widget elementor-widget-emb_archives\" data-id=\"b9911d0\" data-element_type=\"widget\" data-widget_type=\"emb_archives.default\">\n\t\t\t\t<div class=\"elementor-widget-container\">\n\t\t\t<div class=\"\">\n           \n            \n            \n            <div id=\"ajax__content\" class=\"module__wrapper jeux__wrapper\" data-mod=\"jeux\"><div class=\"noResult__wrapper\">\n\t\t\t\t\t\t<h2 class=\"text__color2\">\u0644\u0627 \u0646\u062a\u0627\u0626\u062c \u0644\u0647\u0630\u0627 \u0627\u0644\u0628\u062d\u062b<\/h2>\n\t\t\t\t\t<\/div><\/div><\/div>\t\t<\/div>\n\t\t\t\t<\/div>\n\t\t\t\t\t<\/div>\n\t\t<\/div>\n\t\t\t\t\t\t\t<\/div>\n\t\t<\/section>\n\t\t\t\t\t\t\t<\/div>\n\t\t","protected":false},"excerpt":{"rendered":"<p>Jeu tombola f\u00eate des m\u00e8res 2021 Exemplaire Publi\u00e9e le : 03 F\u00e9v 2022 Jeu tombola f\u00eate des m\u00e8res 2021 Exemplaire Publi\u00e9e le : 03 F\u00e9v 2022 Jeu tombola f\u00eate des m\u00e8res 2021 Publi\u00e9e le : 30 Mai 2021<\/p>\n","protected":false},"author":1,"featured_media":4968,"parent":2413,"menu_order":18,"comment_status":"closed","ping_status":"closed","template":"","meta":{"footnotes":""},"class_list":["post-2424","page","type-page","status-publish","has-post-thumbnail","hentry"],"acf":{"afficher_le_sous_menu":false},"yoast_head":"<!-- This site is optimized with the Yoast SEO plugin v27.4 - https:\/\/yoast.com\/product\/yoast-seo-wordpress\/ -->\n<title>\u0627\u0644\u0623\u0644\u0639\u0627\u0628 \u0648\u0627\u0644\u0645\u0633\u0627\u0628\u0642\u0627\u062a - Sofac<\/title>\n<meta name=\"robots\" content=\"index, follow, max-snippet:-1, max-image-preview:large, max-video-preview:-1\" \/>\n<link rel=\"canonical\" href=\"https:\/\/www.sofac.ma\/ar\/autres-acces\/jeux-concours\/\" \/>\n<meta property=\"og:locale\" content=\"ar_AR\" \/>\n<meta property=\"og:type\" content=\"article\" \/>\n<meta property=\"og:title\" content=\"\u0627\u0644\u0623\u0644\u0639\u0627\u0628 \u0648\u0627\u0644\u0645\u0633\u0627\u0628\u0642\u0627\u062a - Sofac\" \/>\n<meta property=\"og:description\" content=\"Jeu tombola f\u00eate des m\u00e8res 2021 Exemplaire Publi\u00e9e le : 03 F\u00e9v 2022 Jeu tombola f\u00eate des m\u00e8res 2021 Exemplaire Publi\u00e9e le : 03 F\u00e9v 2022 Jeu tombola f\u00eate des m\u00e8res 2021 Publi\u00e9e le : 30 Mai 2021\" \/>\n<meta property=\"og:url\" content=\"https:\/\/www.sofac.ma\/ar\/autres-acces\/jeux-concours\/\" \/>\n<meta property=\"og:site_name\" content=\"Sofac\" \/>\n<meta property=\"article:publisher\" content=\"https:\/\/www.facebook.com\/SofacMaroc\" \/>\n<meta property=\"article:modified_time\" content=\"2022-04-21T14:54:11+00:00\" \/>\n<meta property=\"og:image\" content=\"https:\/\/www.sofac.ma\/wp-content\/uploads\/2023\/01\/Jeux-concours_1680x633.jpg\" \/>\n\t<meta property=\"og:image:width\" content=\"1680\" \/>\n\t<meta property=\"og:image:height\" content=\"633\" \/>\n\t<meta property=\"og:image:type\" content=\"image\/jpeg\" \/>\n<meta name=\"twitter:card\" content=\"summary_large_image\" \/>\n<script type=\"application\/ld+json\" class=\"yoast-schema-graph\">{\"@context\":\"https:\\\/\\\/schema.org\",\"@graph\":[{\"@type\":\"WebPage\",\"@id\":\"https:\\\/\\\/www.sofac.ma\\\/ar\\\/autres-acces\\\/jeux-concours\\\/\",\"url\":\"https:\\\/\\\/www.sofac.ma\\\/ar\\\/autres-acces\\\/jeux-concours\\\/\",\"name\":\"\u0627\u0644\u0623\u0644\u0639\u0627\u0628 \u0648\u0627\u0644\u0645\u0633\u0627\u0628\u0642\u0627\u062a - Sofac\",\"isPartOf\":{\"@id\":\"https:\\\/\\\/www.sofac.ma\\\/ar\\\/#website\"},\"primaryImageOfPage\":{\"@id\":\"https:\\\/\\\/www.sofac.ma\\\/ar\\\/autres-acces\\\/jeux-concours\\\/#primaryimage\"},\"image\":{\"@id\":\"https:\\\/\\\/www.sofac.ma\\\/ar\\\/autres-acces\\\/jeux-concours\\\/#primaryimage\"},\"thumbnailUrl\":\"https:\\\/\\\/www.sofac.ma\\\/wp-content\\\/uploads\\\/2023\\\/01\\\/Jeux-concours_1680x633.jpg\",\"datePublished\":\"2021-12-28T10:35:57+00:00\",\"dateModified\":\"2022-04-21T14:54:11+00:00\",\"breadcrumb\":{\"@id\":\"https:\\\/\\\/www.sofac.ma\\\/ar\\\/autres-acces\\\/jeux-concours\\\/#breadcrumb\"},\"inLanguage\":\"ar\",\"potentialAction\":[{\"@type\":\"ReadAction\",\"target\":[\"https:\\\/\\\/www.sofac.ma\\\/ar\\\/autres-acces\\\/jeux-concours\\\/\"]}]},{\"@type\":\"ImageObject\",\"inLanguage\":\"ar\",\"@id\":\"https:\\\/\\\/www.sofac.ma\\\/ar\\\/autres-acces\\\/jeux-concours\\\/#primaryimage\",\"url\":\"https:\\\/\\\/www.sofac.ma\\\/wp-content\\\/uploads\\\/2023\\\/01\\\/Jeux-concours_1680x633.jpg\",\"contentUrl\":\"https:\\\/\\\/www.sofac.ma\\\/wp-content\\\/uploads\\\/2023\\\/01\\\/Jeux-concours_1680x633.jpg\",\"width\":1680,\"height\":633},{\"@type\":\"BreadcrumbList\",\"@id\":\"https:\\\/\\\/www.sofac.ma\\\/ar\\\/autres-acces\\\/jeux-concours\\\/#breadcrumb\",\"itemListElement\":[{\"@type\":\"ListItem\",\"position\":1,\"name\":\"\u0627\u0644\u0631\u0626\u064a\u0633\u064a\u0629\",\"item\":\"https:\\\/\\\/www.sofac.ma\\\/ar\\\/\"},{\"@type\":\"ListItem\",\"position\":2,\"name\":\"\u0635\u0641\u062d\u0627\u062a \u0623\u062e\u0631\u0649\",\"item\":\"https:\\\/\\\/www.sofac.ma\\\/ar\\\/autres-acces\\\/\"},{\"@type\":\"ListItem\",\"position\":3,\"name\":\"\u0627\u0644\u0623\u0644\u0639\u0627\u0628 \u0648\u0627\u0644\u0645\u0633\u0627\u0628\u0642\u0627\u062a\"}]},{\"@type\":\"WebSite\",\"@id\":\"https:\\\/\\\/www.sofac.ma\\\/ar\\\/#website\",\"url\":\"https:\\\/\\\/www.sofac.ma\\\/ar\\\/\",\"name\":\"Sofac\",\"description\":\"Leader du cr\u00e9dit auto\",\"publisher\":{\"@id\":\"https:\\\/\\\/www.sofac.ma\\\/ar\\\/#organization\"},\"potentialAction\":[{\"@type\":\"SearchAction\",\"target\":{\"@type\":\"EntryPoint\",\"urlTemplate\":\"https:\\\/\\\/www.sofac.ma\\\/ar\\\/?s={search_term_string}\"},\"query-input\":{\"@type\":\"PropertyValueSpecification\",\"valueRequired\":true,\"valueName\":\"search_term_string\"}}],\"inLanguage\":\"ar\"},{\"@type\":\"Organization\",\"@id\":\"https:\\\/\\\/www.sofac.ma\\\/ar\\\/#organization\",\"name\":\"Sofac\",\"url\":\"https:\\\/\\\/www.sofac.ma\\\/ar\\\/\",\"logo\":{\"@type\":\"ImageObject\",\"inLanguage\":\"ar\",\"@id\":\"https:\\\/\\\/www.sofac.ma\\\/ar\\\/#\\\/schema\\\/logo\\\/image\\\/\",\"url\":\"https:\\\/\\\/www.sofac.ma\\\/wp-content\\\/uploads\\\/2021\\\/12\\\/logo.png\",\"contentUrl\":\"https:\\\/\\\/www.sofac.ma\\\/wp-content\\\/uploads\\\/2021\\\/12\\\/logo.png\",\"width\":393,\"height\":120,\"caption\":\"Sofac\"},\"image\":{\"@id\":\"https:\\\/\\\/www.sofac.ma\\\/ar\\\/#\\\/schema\\\/logo\\\/image\\\/\"},\"sameAs\":[\"https:\\\/\\\/www.facebook.com\\\/SofacMaroc\",\"https:\\\/\\\/www.youtube.com\\\/channel\\\/UCfbJ1FxXl91SalW9tjeQFEQ\"]}]}<\/script>\n<!-- \/ Yoast SEO plugin. -->","yoast_head_json":{"title":"\u0627\u0644\u0623\u0644\u0639\u0627\u0628 \u0648\u0627\u0644\u0645\u0633\u0627\u0628\u0642\u0627\u062a - Sofac","robots":{"index":"index","follow":"follow","max-snippet":"max-snippet:-1","max-image-preview":"max-image-preview:large","max-video-preview":"max-video-preview:-1"},"canonical":"https:\/\/www.sofac.ma\/ar\/autres-acces\/jeux-concours\/","og_locale":"ar_AR","og_type":"article","og_title":"\u0627\u0644\u0623\u0644\u0639\u0627\u0628 \u0648\u0627\u0644\u0645\u0633\u0627\u0628\u0642\u0627\u062a - Sofac","og_description":"Jeu tombola f\u00eate des m\u00e8res 2021 Exemplaire Publi\u00e9e le : 03 F\u00e9v 2022 Jeu tombola f\u00eate des m\u00e8res 2021 Exemplaire Publi\u00e9e le : 03 F\u00e9v 2022 Jeu tombola f\u00eate des m\u00e8res 2021 Publi\u00e9e le : 30 Mai 2021","og_url":"https:\/\/www.sofac.ma\/ar\/autres-acces\/jeux-concours\/","og_site_name":"Sofac","article_publisher":"https:\/\/www.facebook.com\/SofacMaroc","article_modified_time":"2022-04-21T14:54:11+00:00","og_image":[{"width":1680,"height":633,"url":"https:\/\/www.sofac.ma\/wp-content\/uploads\/2023\/01\/Jeux-concours_1680x633.jpg","type":"image\/jpeg"}],"twitter_card":"summary_large_image","schema":{"@context":"https:\/\/schema.org","@graph":[{"@type":"WebPage","@id":"https:\/\/www.sofac.ma\/ar\/autres-acces\/jeux-concours\/","url":"https:\/\/www.sofac.ma\/ar\/autres-acces\/jeux-concours\/","name":"\u0627\u0644\u0623\u0644\u0639\u0627\u0628 \u0648\u0627\u0644\u0645\u0633\u0627\u0628\u0642\u0627\u062a - Sofac","isPartOf":{"@id":"https:\/\/www.sofac.ma\/ar\/#website"},"primaryImageOfPage":{"@id":"https:\/\/www.sofac.ma\/ar\/autres-acces\/jeux-concours\/#primaryimage"},"image":{"@id":"https:\/\/www.sofac.ma\/ar\/autres-acces\/jeux-concours\/#primaryimage"},"thumbnailUrl":"https:\/\/www.sofac.ma\/wp-content\/uploads\/2023\/01\/Jeux-concours_1680x633.jpg","datePublished":"2021-12-28T10:35:57+00:00","dateModified":"2022-04-21T14:54:11+00:00","breadcrumb":{"@id":"https:\/\/www.sofac.ma\/ar\/autres-acces\/jeux-concours\/#breadcrumb"},"inLanguage":"ar","potentialAction":[{"@type":"ReadAction","target":["https:\/\/www.sofac.ma\/ar\/autres-acces\/jeux-concours\/"]}]},{"@type":"ImageObject","inLanguage":"ar","@id":"https:\/\/www.sofac.ma\/ar\/autres-acces\/jeux-concours\/#primaryimage","url":"https:\/\/www.sofac.ma\/wp-content\/uploads\/2023\/01\/Jeux-concours_1680x633.jpg","contentUrl":"https:\/\/www.sofac.ma\/wp-content\/uploads\/2023\/01\/Jeux-concours_1680x633.jpg","width":1680,"height":633},{"@type":"BreadcrumbList","@id":"https:\/\/www.sofac.ma\/ar\/autres-acces\/jeux-concours\/#breadcrumb","itemListElement":[{"@type":"ListItem","position":1,"name":"\u0627\u0644\u0631\u0626\u064a\u0633\u064a\u0629","item":"https:\/\/www.sofac.ma\/ar\/"},{"@type":"ListItem","position":2,"name":"\u0635\u0641\u062d\u0627\u062a \u0623\u062e\u0631\u0649","item":"https:\/\/www.sofac.ma\/ar\/autres-acces\/"},{"@type":"ListItem","position":3,"name":"\u0627\u0644\u0623\u0644\u0639\u0627\u0628 \u0648\u0627\u0644\u0645\u0633\u0627\u0628\u0642\u0627\u062a"}]},{"@type":"WebSite","@id":"https:\/\/www.sofac.ma\/ar\/#website","url":"https:\/\/www.sofac.ma\/ar\/","name":"Sofac","description":"Leader du cr\u00e9dit auto","publisher":{"@id":"https:\/\/www.sofac.ma\/ar\/#organization"},"potentialAction":[{"@type":"SearchAction","target":{"@type":"EntryPoint","urlTemplate":"https:\/\/www.sofac.ma\/ar\/?s={search_term_string}"},"query-input":{"@type":"PropertyValueSpecification","valueRequired":true,"valueName":"search_term_string"}}],"inLanguage":"ar"},{"@type":"Organization","@id":"https:\/\/www.sofac.ma\/ar\/#organization","name":"Sofac","url":"https:\/\/www.sofac.ma\/ar\/","logo":{"@type":"ImageObject","inLanguage":"ar","@id":"https:\/\/www.sofac.ma\/ar\/#\/schema\/logo\/image\/","url":"https:\/\/www.sofac.ma\/wp-content\/uploads\/2021\/12\/logo.png","contentUrl":"https:\/\/www.sofac.ma\/wp-content\/uploads\/2021\/12\/logo.png","width":393,"height":120,"caption":"Sofac"},"image":{"@id":"https:\/\/www.sofac.ma\/ar\/#\/schema\/logo\/image\/"},"sameAs":["https:\/\/www.facebook.com\/SofacMaroc","https:\/\/www.youtube.com\/channel\/UCfbJ1FxXl91SalW9tjeQFEQ"]}]}},"_links":{"self":[{"href":"https:\/\/www.sofac.ma\/ar\/wp-json\/wp\/v2\/pages\/2424","targetHints":{"allow":["GET"]}}],"collection":[{"href":"https:\/\/www.sofac.ma\/ar\/wp-json\/wp\/v2\/pages"}],"about":[{"href":"https:\/\/www.sofac.ma\/ar\/wp-json\/wp\/v2\/types\/page"}],"author":[{"embeddable":true,"href":"https:\/\/www.sofac.ma\/ar\/wp-json\/wp\/v2\/users\/1"}],"replies":[{"embeddable":true,"href":"https:\/\/www.sofac.ma\/ar\/wp-json\/wp\/v2\/comments?post=2424"}],"version-history":[{"count":0,"href":"https:\/\/www.sofac.ma\/ar\/wp-json\/wp\/v2\/pages\/2424\/revisions"}],"up":[{"embeddable":true,"href":"https:\/\/www.sofac.ma\/ar\/wp-json\/wp\/v2\/pages\/2413"}],"wp:featuredmedia":[{"embeddable":true,"href":"https:\/\/www.sofac.ma\/ar\/wp-json\/wp\/v2\/media\/4968"}],"wp:attachment":[{"href":"https:\/\/www.sofac.ma\/ar\/wp-json\/wp\/v2\/media?parent=2424"}],"curies":[{"name":"wp","href":"https:\/\/api.w.org\/{rel}","templated":true}]}}