{"id":2281,"date":"2022-08-06T21:44:27","date_gmt":"2022-08-06T20:44:27","guid":{"rendered":"http:\/\/196.32.217.22\/~mafc\/site\/offre\/jumia-copy\/"},"modified":"2023-05-10T17:32:59","modified_gmt":"2023-05-10T16:32:59","slug":"hem","status":"publish","type":"page","link":"https:\/\/www.sofac.ma\/offre\/hem\/","title":{"rendered":"HEM"},"content":{"rendered":"\t\t<div data-elementor-type=\"wp-page\" data-elementor-id=\"2281\" class=\"elementor elementor-2281\" data-elementor-post-type=\"page\">\n\t\t\t\t\t\t<section class=\"elementor-section elementor-top-section elementor-element elementor-element-c2b4905 elementor-section-content-middle elementor-section-full_width elementor-section-height-default elementor-section-height-default\" data-id=\"c2b4905\" data-element_type=\"section\">\n\t\t\t\t\t\t<div class=\"elementor-container elementor-column-gap-no\">\n\t\t\t\t\t<div class=\"elementor-column elementor-col-100 elementor-top-column elementor-element elementor-element-7ec6812\" data-id=\"7ec6812\" data-element_type=\"column\">\n\t\t\t<div class=\"elementor-widget-wrap elementor-element-populated\">\n\t\t\t\t\t\t<div class=\"elementor-element elementor-element-240f77e elementor-widget__width-initial elementor-widget-mobile__width-initial elementor-widget elementor-widget-image\" data-id=\"240f77e\" data-element_type=\"widget\" id=\"Logo\" data-widget_type=\"image.default\">\n\t\t\t\t<div class=\"elementor-widget-container\">\n\t\t\t\t\t\t\t\t\t\t\t\t\t\t<a href=\"https:\/\/www.sofac.ma\">\n\t\t\t\t\t\t\t<img fetchpriority=\"high\" decoding=\"async\" width=\"580\" height=\"134\" src=\"https:\/\/www.sofac.ma\/offre\/wp-content\/uploads\/2022\/02\/logo.png\" class=\"attachment-medium_large size-medium_large wp-image-1354\" alt=\"\" srcset=\"https:\/\/www.sofac.ma\/offre\/wp-content\/uploads\/2022\/02\/logo.png 591w, https:\/\/www.sofac.ma\/offre\/wp-content\/uploads\/2022\/02\/logo-300x70.png 300w\" sizes=\"(max-width: 580px) 100vw, 580px\" \/>\t\t\t\t\t\t\t\t<\/a>\n\t\t\t\t\t\t\t\t\t\t\t\t\t<\/div>\n\t\t\t\t<\/div>\n\t\t\t\t<div class=\"elementor-element elementor-element-5f56459 elementor-widget__width-initial elementor-widget-mobile__width-initial elementor-widget elementor-widget-image\" data-id=\"5f56459\" data-element_type=\"widget\" data-widget_type=\"image.default\">\n\t\t\t\t<div class=\"elementor-widget-container\">\n\t\t\t\t\t\t\t\t\t\t\t\t\t\t<a href=\"https:\/\/hem.ac.ma\/fr\">\n\t\t\t\t\t\t\t<img decoding=\"async\" width=\"580\" height=\"116\" src=\"https:\/\/www.sofac.ma\/offre\/wp-content\/uploads\/2023\/05\/hem-1-768x154.jpg\" class=\"attachment-medium_large size-medium_large wp-image-3121\" alt=\"\" srcset=\"https:\/\/www.sofac.ma\/offre\/wp-content\/uploads\/2023\/05\/hem-1-768x154.jpg 768w, https:\/\/www.sofac.ma\/offre\/wp-content\/uploads\/2023\/05\/hem-1-300x60.jpg 300w, https:\/\/www.sofac.ma\/offre\/wp-content\/uploads\/2023\/05\/hem-1.jpg 900w\" sizes=\"(max-width: 580px) 100vw, 580px\" \/>\t\t\t\t\t\t\t\t<\/a>\n\t\t\t\t\t\t\t\t\t\t\t\t\t<\/div>\n\t\t\t\t<\/div>\n\t\t\t\t\t<\/div>\n\t\t<\/div>\n\t\t\t\t\t<\/div>\n\t\t<\/section>\n\t\t\t\t<section class=\"elementor-section elementor-top-section elementor-element elementor-element-55616de elementor-section-full_width elementor-section-height-default elementor-section-height-default\" data-id=\"55616de\" data-element_type=\"section\">\n\t\t\t\t\t\t<div class=\"elementor-container elementor-column-gap-no\">\n\t\t\t\t\t<div class=\"elementor-column elementor-col-100 elementor-top-column elementor-element elementor-element-b652804\" data-id=\"b652804\" data-element_type=\"column\" data-settings=\"{&quot;background_background&quot;:&quot;classic&quot;}\">\n\t\t\t<div class=\"elementor-widget-wrap elementor-element-populated\">\n\t\t\t\t\t\t<section class=\"elementor-section elementor-inner-section elementor-element elementor-element-58d1fab elementor-section-full_width elementor-section-height-min-height elementor-section-height-default\" data-id=\"58d1fab\" data-element_type=\"section\">\n\t\t\t\t\t\t<div class=\"elementor-container elementor-column-gap-no\">\n\t\t\t\t\t<div class=\"elementor-column elementor-col-50 elementor-inner-column elementor-element elementor-element-dc00755\" data-id=\"dc00755\" data-element_type=\"column\">\n\t\t\t<div class=\"elementor-widget-wrap elementor-element-populated\">\n\t\t\t\t\t\t<div class=\"elementor-element elementor-element-fc2c6f0 elementor-widget elementor-widget-heading\" data-id=\"fc2c6f0\" data-element_type=\"widget\" data-widget_type=\"heading.default\">\n\t\t\t\t<div class=\"elementor-widget-container\">\n\t\t\t<h3 class=\"elementor-heading-title elementor-size-default\">Pr\u00e9parez l\u2019avenir\navec s\u00e9r\u00e9nit\u00e9<\/h3>\t\t<\/div>\n\t\t\t\t<\/div>\n\t\t\t\t<div class=\"elementor-element elementor-element-65e73f5 elementor-icon-list--layout-traditional elementor-list-item-link-full_width elementor-widget elementor-widget-icon-list\" data-id=\"65e73f5\" data-element_type=\"widget\" data-widget_type=\"icon-list.default\">\n\t\t\t\t<div class=\"elementor-widget-container\">\n\t\t\t\t\t<ul class=\"elementor-icon-list-items\">\n\t\t\t\t\t\t\t<li class=\"elementor-icon-list-item\">\n\t\t\t\t\t\t\t\t\t\t\t<span class=\"elementor-icon-list-icon\">\n\t\t\t\t\t\t\t<i aria-hidden=\"true\" class=\"far fa-check-square\"><\/i>\t\t\t\t\t\t<\/span>\n\t\t\t\t\t\t\t\t\t\t<span class=\"elementor-icon-list-text\">Financement jusqu\u2019\u00e0 87000 Dhs<\/span>\n\t\t\t\t\t\t\t\t\t<\/li>\n\t\t\t\t\t\t\t\t<li class=\"elementor-icon-list-item\">\n\t\t\t\t\t\t\t\t\t\t\t<span class=\"elementor-icon-list-icon\">\n\t\t\t\t\t\t\t<i aria-hidden=\"true\" class=\"far fa-check-square\"><\/i>\t\t\t\t\t\t<\/span>\n\t\t\t\t\t\t\t\t\t\t<span class=\"elementor-icon-list-text\">Un taux imbattable<\/span>\n\t\t\t\t\t\t\t\t\t<\/li>\n\t\t\t\t\t\t\t\t<li class=\"elementor-icon-list-item\">\n\t\t\t\t\t\t\t\t\t\t\t<span class=\"elementor-icon-list-icon\">\n\t\t\t\t\t\t\t<i aria-hidden=\"true\" class=\"far fa-check-square\"><\/i>\t\t\t\t\t\t<\/span>\n\t\t\t\t\t\t\t\t\t\t<span class=\"elementor-icon-list-text\">Un mois de diff\u00e9r\u00e9<\/span>\n\t\t\t\t\t\t\t\t\t<\/li>\n\t\t\t\t\t\t\t\t<li class=\"elementor-icon-list-item\">\n\t\t\t\t\t\t\t\t\t\t\t<span class=\"elementor-icon-list-icon\">\n\t\t\t\t\t\t\t<i aria-hidden=\"true\" class=\"far fa-check-square\"><\/i>\t\t\t\t\t\t<\/span>\n\t\t\t\t\t\t\t\t\t\t<span class=\"elementor-icon-list-text\">Frais de dossier offerts<\/span>\n\t\t\t\t\t\t\t\t\t<\/li>\n\t\t\t\t\t\t<\/ul>\n\t\t\t\t<\/div>\n\t\t\t\t<\/div>\n\t\t\t\t<div class=\"elementor-element elementor-element-0273ab1 elementor-align-left elementor-widget elementor-widget-button\" data-id=\"0273ab1\" data-element_type=\"widget\" data-widget_type=\"button.default\">\n\t\t\t\t<div class=\"elementor-widget-container\">\n\t\t\t\t\t<div class=\"elementor-button-wrapper\">\n\t\t\t<a class=\"elementor-button elementor-button-link elementor-size-sm elementor-animation-pulse-shrink\" href=\"#simulateur\">\n\t\t\t\t\t\t<span class=\"elementor-button-content-wrapper\">\n\t\t\t\t\t\t\t\t\t<span class=\"elementor-button-text\">JE FAIS MA SIMULATION<\/span>\n\t\t\t\t\t<\/span>\n\t\t\t\t\t<\/a>\n\t\t<\/div>\n\t\t\t\t<\/div>\n\t\t\t\t<\/div>\n\t\t\t\t\t<\/div>\n\t\t<\/div>\n\t\t\t\t<div class=\"elementor-column elementor-col-50 elementor-inner-column elementor-element elementor-element-eee440a\" data-id=\"eee440a\" data-element_type=\"column\">\n\t\t\t<div class=\"elementor-widget-wrap elementor-element-populated\">\n\t\t\t\t\t\t<div class=\"elementor-element elementor-element-744da5d elementor-widget__width-auto elementor-absolute elementor-widget elementor-widget-image\" data-id=\"744da5d\" data-element_type=\"widget\" data-settings=\"{&quot;_position&quot;:&quot;absolute&quot;}\" data-widget_type=\"image.default\">\n\t\t\t\t<div class=\"elementor-widget-container\">\n\t\t\t\t\t\t\t\t\t\t\t\t\t<img decoding=\"async\" width=\"439\" height=\"441\" src=\"https:\/\/www.sofac.ma\/offre\/wp-content\/uploads\/2022\/08\/frais.png\" class=\"attachment-medium_large size-medium_large wp-image-2290\" alt=\"\" srcset=\"https:\/\/www.sofac.ma\/offre\/wp-content\/uploads\/2022\/08\/frais.png 439w, https:\/\/www.sofac.ma\/offre\/wp-content\/uploads\/2022\/08\/frais-300x300.png 300w, https:\/\/www.sofac.ma\/offre\/wp-content\/uploads\/2022\/08\/frais-150x150.png 150w\" sizes=\"(max-width: 439px) 100vw, 439px\" \/>\t\t\t\t\t\t\t\t\t\t\t\t\t<\/div>\n\t\t\t\t<\/div>\n\t\t\t\t\t<\/div>\n\t\t<\/div>\n\t\t\t\t\t<\/div>\n\t\t<\/section>\n\t\t\t\t\t<\/div>\n\t\t<\/div>\n\t\t\t\t\t<\/div>\n\t\t<\/section>\n\t\t\t\t<section class=\"elementor-section elementor-top-section elementor-element elementor-element-6cd593c elementor-section-boxed elementor-section-height-default elementor-section-height-default\" data-id=\"6cd593c\" data-element_type=\"section\">\n\t\t\t\t\t\t<div class=\"elementor-container elementor-column-gap-default\">\n\t\t\t\t\t<div class=\"elementor-column elementor-col-100 elementor-top-column elementor-element elementor-element-b71842c\" data-id=\"b71842c\" data-element_type=\"column\">\n\t\t\t<div class=\"elementor-widget-wrap elementor-element-populated\">\n\t\t\t\t\t\t<div class=\"elementor-element elementor-element-689ac67 elementor-hidden-desktop elementor-hidden-tablet elementor-hidden-mobile elementor-widget elementor-widget-heading\" data-id=\"689ac67\" data-element_type=\"widget\" data-widget_type=\"heading.default\">\n\t\t\t\t<div class=\"elementor-widget-container\">\n\t\t\t<h4 class=\"elementor-heading-title elementor-size-default\">Simuler votre cr\u00e9dit<\/h4>\t\t<\/div>\n\t\t\t\t<\/div>\n\t\t\t\t\t<\/div>\n\t\t<\/div>\n\t\t\t\t\t<\/div>\n\t\t<\/section>\n\t\t\t\t<section class=\"elementor-section elementor-top-section elementor-element elementor-element-6adf94e9 elementor-section-content-middle elementor-section-stretched elementor-section-boxed elementor-section-height-default elementor-section-height-default\" data-id=\"6adf94e9\" data-element_type=\"section\" id=\"simulateur\" data-settings=\"{&quot;stretch_section&quot;:&quot;section-stretched&quot;}\">\n\t\t\t\t\t\t<div class=\"elementor-container elementor-column-gap-no\">\n\t\t\t\t\t<div class=\"elementor-column elementor-col-50 elementor-top-column elementor-element elementor-element-6e6eb2b2\" data-id=\"6e6eb2b2\" data-element_type=\"column\">\n\t\t\t<div class=\"elementor-widget-wrap elementor-element-populated\">\n\t\t\t\t\t\t<div class=\"elementor-element elementor-element-b05be2b elementor-widget elementor-widget-emb_simulateur\" data-id=\"b05be2b\" data-element_type=\"widget\" data-widget_type=\"emb_simulateur.default\">\n\t\t\t\t<div class=\"elementor-widget-container\">\n\t\t\t<div class=\"simulateur__wrapper style__2 \" data-product=\"178879203\" data-montant=\"87000\" data-echeance=\"11\" style=\"background-color:#0068B1\">\n\n\t\t\t\t<input type=\"hidden\" id=\"idProduct\" name=\"idProduct\" value=\"178879203\">\n\n\t\t\t\t\n\t\t\t\t\n\t\t\t\t<div class=\"grid\">\n\t\t\t\t\t\t\t\t\t\t\n\t\t\t\t\t<div class=\"elm__wrapper\">\n\t\t\t\t\t\t<div>\n\t\t\t\t\t\t\t<label class=\"text__14\">Vous \u00eates<\/label>\n\t\t\t\t\t\t\t<select name=\"select__bareme\" id=\"select__bareme\" class=\"elm__select\"><\/select>\n\t\t\t\t\t\t<\/div>\n\t\t\t\t\t<\/div>\n\t\t\t\t\t\t\t\t\t\n\t\t\t\t\t<div class=\"elm__wrapper\">\n\t\t\t\t\t\t<div class=\"elm__label\">\n\t\t\t\t\t\t\t<div class=\"elm__title\">Montant \u00e0 racheter<\/div>\n\t\t\t\t\t\t\t<div class=\"elm__input_wrapper\">\n\t\t\t\t\t\t\t\t<input type=\"text\" class=\"elm__input\" name=\"input__rachat\" id=\"input__rachat\" min=\"0\" max=\"99\"\n\t\t\t\t\t\t\t\t\tvalue=\"0\">\n\t\t\t\t\t\t\t\t<span>dh<\/span>\n\t\t\t\t\t\t\t<\/div>\n\t\t\t\t\t\t<\/div>\n\t\t\t\t\t\t<div class=\"elm__slider_wrapper\">\n\t\t\t\t\t\t<input type=\"range\" class=\"elm__slider\" name=\"slider__rachat\" id=\"slider__rachat\" min=\"0\" max=\"99\"\n\t\t\t\t\t\t\tvalue=\"0\" step=\"0.01\">\n\t\t\t\t\t\t<\/div>\n\t\t\t\t\t\t<ul class=\"elm__datalist\">\n\t\t\t\t\t\t\t<li> <span>0<\/span> dh<\/li>\n\t\t\t\t\t\t\t<li> <span>0<\/span> dh<\/li>\n\t\t\t\t\t\t<\/ul>\n\t\t\t\t\t<\/div>\n\n\t\t\t\t\t<div class=\"elm__wrapper\">\n\t\t\t\t\t\t<div class=\"elm__label\">\n\t\t\t\t\t\t\t<div class=\"elm__title\">Montant<\/div>\n\t\t\t\t\t\t\t<div class=\"elm__input_wrapper\">\n\t\t\t\t\t\t\t\t<input type=\"text\" class=\"elm__input\" name=\"input__montant\" id=\"input__montant\" min=\"8000\"\n\t\t\t\t\t\t\t\tmax=\"1000000\" value=\"80000\">\n\t\t\t\t\t\t\t\t<span>dh<\/span>\n\t\t\t\t\t\t\t<\/div>\n\t\t\t\t\t\t<\/div>\n\t\t\t\t\t\t<div class=\"elm__slider_wrapper\">\n\t\t\t\t\t\t\t<input type=\"range\" class=\"elm__slider\" name=\"slider__montant\" id=\"slider__montant\" min=\"8000\"\n\t\t\t\t\t\t\tmax=\"1000000\" value=\"80000\" step=\"1\">\n\t\t\t\t\t\t<\/div>\n\t\t\t\t\t\t<ul class=\"elm__datalist\">\n\t\t\t\t\t\t\t<li> <span>0<\/span> dh<\/li>\n\t\t\t\t\t\t\t<li> <span>0<\/span> dh<\/li>\n\t\t\t\t\t\t<\/ul>\n\t\t\t\t\t<\/div>\n\n\t\t\t\t\t<div class=\"elm__wrapper\">\n\t\t\t\t\t\t<div class=\"elm__label\">\n\t\t\t\t\t\t\t<div class=\"elm__title\">Avance client<\/div>\n\t\t\t\t\t\t\t<div class=\"elm__input_wrapper\">\n\t\t\t\t\t\t\t\t<input type=\"text\" class=\"elm__input\" name=\"input__apport\" id=\"input__apport\" min=\"0\" max=\"99\"\n\t\t\t\t\t\t\t\tvalue=\"0\">\n\t\t\t\t\t\t\t\t<span>%<\/span>\n\t\t\t\t\t\t\t<\/div>\n\t\t\t\t\t\t<\/div>\n\t\t\t\t\t\t<div class=\"elm__slider_wrapper\">\n\t\t\t\t\t\t\t<input type=\"range\" class=\"elm__slider\" name=\"slider__apport\" id=\"slider__apport\" min=\"0\" max=\"99\"\n\t\t\t\t\t\t\tvalue=\"0\" step=\"1\">\n\t\t\t\t\t\t<\/div>\n\t\t\t\t\t\t<ul class=\"elm__datalist\">\n\t\t\t\t\t\t\t<li> <span>0<\/span> %<\/li>\n\t\t\t\t\t\t\t<li> <span>99<\/span> %<\/li>\n\t\t\t\t\t\t<\/ul>\n\t\t\t\t\t<\/div>\n\t\t\t\t\t\n\t\t\t\t\t<div class=\"elm__wrapper\">\n\t\t\t\t\t\t<div class=\"elm__label\">\n\t\t\t\t\t\t\t<div class=\"elm__title\">Mensualit\u00e9<\/div>\n\t\t\t\t\t\t\t<div class=\"elm__input_wrapper\">\n\t\t\t\t\t\t\t<input type=\"text\" class=\"elm__input\" name=\"input__mensualite\" id=\"input__mensualite\" min=\"4000\"\n\t\t\t\t\t\t\t\tmax=\"80000\" value=\"1300\">\n\t\t\t\t\t\t\t\t<span>dh<\/span>\n\t\t\t\t\t\t\t<\/div>\n\t\t\t\t\t\t<\/div>\n\t\t\t\t\t\t<div class=\"elm__slider_wrapper\">\n\t\t\t\t\t\t\t<input type=\"range\" class=\"elm__slider\" name=\"slider__mensualite\" id=\"slider__mensualite\" min=\"4000\"\n\t\t\t\t\t\t\tmax=\"80000\" value=\"1300\" step=\"0.01\">\n\t\t\t\t\t\t<\/div>\t\n\t\t\t\t\t\t<ul class=\"elm__datalist\">\n\t\t\t\t\t\t\t<li> <span>0<\/span> dh<\/li>\n\t\t\t\t\t\t\t<li> <span>0<\/span> dh<\/li>\n\t\t\t\t\t\t<\/ul>\n\t\t\t\t\t<\/div>\n\n\t\t\t\t\t<div class=\"elm__wrapper\">\n\t\t\t\t\t\t<div class=\"elm__label\">\n\t\t\t\t\t\t\t<div class=\"elm__title\">Dur\u00e9e<\/div>\n\t\t\t\t\t\t\t<div class=\"elm__input_wrapper\">\n\t\t\t\t\t\t\t\t<input type=\"text\" class=\"elm__input\" name=\"input__duree\" id=\"input__duree\" min=\"12\"\n\t\t\t\t\t\t\t\tmax=\"120\" value=\"48\">\n\t\t\t\t\t\t\t\t<span>mois<\/span>\n\t\t\t\t\t\t\t<\/div>\n\t\t\t\t\t\t<\/div>\n\t\t\t\t\t\t<div class=\"elm__slider_wrapper\">\n\t\t\t\t\t\t\t<input type=\"range\" class=\"elm__slider\" name=\"slider__duree\" id=\"slider__duree\" min=\"12\"\n\t\t\t\t\t\t\tmax=\"120\" value=\"48\" step=\"1\">\n\t\t\t\t\t\t<\/div>\n\t\t\t\t\t\t<ul class=\"elm__datalist\">\n\t\t\t\t\t\t\t<li> <span>0<\/span> mois<\/li>\n\t\t\t\t\t\t\t<li> <span>0<\/span> mois<\/li>\n\t\t\t\t\t\t<\/ul>\n\t\t\t\t\t<\/div>\n\t\t\t\t<\/div>\t\n\t\t\t\t<div class=\"text__center\" style=\"margin-top:25px\">\n\t\t\t\t\t<a href=\"\" id=\"submitCredit\" class=\"button__default full__width\">Demander mon cr\u00e9dit<\/a>\n\t\t\t\t<\/div>\n\t\t\t\t<div class=\"condition\">Offre soumise \u00e0 conditions. Sous r\u00e9serve d\u2019acceptation de votre dossier de cr\u00e9dit par SOFAC<\/div>\n\n\t\t\t<\/div>\t\t<\/div>\n\t\t\t\t<\/div>\n\t\t\t\t\t<\/div>\n\t\t<\/div>\n\t\t\t\t<div class=\"elementor-column elementor-col-50 elementor-top-column elementor-element elementor-element-5be632c\" data-id=\"5be632c\" data-element_type=\"column\">\n\t\t\t<div class=\"elementor-widget-wrap elementor-element-populated\">\n\t\t\t\t\t\t<div class=\"elementor-element elementor-element-7865f45 elementor-widget elementor-widget-heading\" data-id=\"7865f45\" data-element_type=\"widget\" data-widget_type=\"heading.default\">\n\t\t\t\t<div class=\"elementor-widget-container\">\n\t\t\t<h5 class=\"elementor-heading-title elementor-size-default\">Liste des pi\u00e8ces justificatives<\/h5>\t\t<\/div>\n\t\t\t\t<\/div>\n\t\t\t\t<div class=\"elementor-element elementor-element-cc47cfe elementor-widget elementor-widget-accordion\" data-id=\"cc47cfe\" data-element_type=\"widget\" data-widget_type=\"accordion.default\">\n\t\t\t\t<div class=\"elementor-widget-container\">\n\t\t\t\t\t<div class=\"elementor-accordion\">\n\t\t\t\t\t\t\t<div class=\"elementor-accordion-item\">\n\t\t\t\t\t<div id=\"elementor-tab-title-2141\" class=\"elementor-tab-title\" data-tab=\"1\" role=\"button\" aria-controls=\"elementor-tab-content-2141\" aria-expanded=\"false\">\n\t\t\t\t\t\t\t\t\t\t\t\t\t<span class=\"elementor-accordion-icon elementor-accordion-icon-right\" aria-hidden=\"true\">\n\t\t\t\t\t\t\t\t\t\t\t\t\t\t\t<span class=\"elementor-accordion-icon-closed\"><i class=\"fas fa-caret-right\"><\/i><\/span>\n\t\t\t\t\t\t\t\t<span class=\"elementor-accordion-icon-opened\"><i class=\"fas fa-caret-down\"><\/i><\/span>\n\t\t\t\t\t\t\t\t\t\t\t\t\t\t<\/span>\n\t\t\t\t\t\t\t\t\t\t\t\t<a class=\"elementor-accordion-title\" tabindex=\"0\">Pi\u00e8ces communes<\/a>\n\t\t\t\t\t<\/div>\n\t\t\t\t\t<div id=\"elementor-tab-content-2141\" class=\"elementor-tab-content elementor-clearfix\" data-tab=\"1\" role=\"region\" aria-labelledby=\"elementor-tab-title-2141\"><p>&#8211; Copie CIN<br \/>&#8211; Justificatif de r\u00e9sidence<br \/>&#8211; Sp\u00e9cimen de ch\u00e8que ou attestation de RIB<\/p><\/div>\n\t\t\t\t<\/div>\n\t\t\t\t\t\t\t<div class=\"elementor-accordion-item\">\n\t\t\t\t\t<div id=\"elementor-tab-title-2142\" class=\"elementor-tab-title\" data-tab=\"2\" role=\"button\" aria-controls=\"elementor-tab-content-2142\" aria-expanded=\"false\">\n\t\t\t\t\t\t\t\t\t\t\t\t\t<span class=\"elementor-accordion-icon elementor-accordion-icon-right\" aria-hidden=\"true\">\n\t\t\t\t\t\t\t\t\t\t\t\t\t\t\t<span class=\"elementor-accordion-icon-closed\"><i class=\"fas fa-caret-right\"><\/i><\/span>\n\t\t\t\t\t\t\t\t<span class=\"elementor-accordion-icon-opened\"><i class=\"fas fa-caret-down\"><\/i><\/span>\n\t\t\t\t\t\t\t\t\t\t\t\t\t\t<\/span>\n\t\t\t\t\t\t\t\t\t\t\t\t<a class=\"elementor-accordion-title\" tabindex=\"0\">Pi\u00e8ces pour fonctionnaires<\/a>\n\t\t\t\t\t<\/div>\n\t\t\t\t\t<div id=\"elementor-tab-content-2142\" class=\"elementor-tab-content elementor-clearfix\" data-tab=\"2\" role=\"region\" aria-labelledby=\"elementor-tab-title-2142\"><p>&#8211; Dernier relev\u00e9 bancaire<br \/>&#8211; Etat d\u2019engagement ou attestation de salaire<\/p><\/div>\n\t\t\t\t<\/div>\n\t\t\t\t\t\t\t<div class=\"elementor-accordion-item\">\n\t\t\t\t\t<div id=\"elementor-tab-title-2143\" class=\"elementor-tab-title\" data-tab=\"3\" role=\"button\" aria-controls=\"elementor-tab-content-2143\" aria-expanded=\"false\">\n\t\t\t\t\t\t\t\t\t\t\t\t\t<span class=\"elementor-accordion-icon elementor-accordion-icon-right\" aria-hidden=\"true\">\n\t\t\t\t\t\t\t\t\t\t\t\t\t\t\t<span class=\"elementor-accordion-icon-closed\"><i class=\"fas fa-caret-right\"><\/i><\/span>\n\t\t\t\t\t\t\t\t<span class=\"elementor-accordion-icon-opened\"><i class=\"fas fa-caret-down\"><\/i><\/span>\n\t\t\t\t\t\t\t\t\t\t\t\t\t\t<\/span>\n\t\t\t\t\t\t\t\t\t\t\t\t<a class=\"elementor-accordion-title\" tabindex=\"0\">Pi\u00e8ces pour salari\u00e9s du secteur semi-public et priv\u00e9<\/a>\n\t\t\t\t\t<\/div>\n\t\t\t\t\t<div id=\"elementor-tab-content-2143\" class=\"elementor-tab-content elementor-clearfix\" data-tab=\"3\" role=\"region\" aria-labelledby=\"elementor-tab-title-2143\"><p>&#8211; 2 derniers relev\u00e9s bancaires<br \/>&#8211; 2 derniers bulletins de paie<br \/>&#8211; Attestation de travail et de salaire<\/p><\/div>\n\t\t\t\t<\/div>\n\t\t\t\t\t\t\t<div class=\"elementor-accordion-item\">\n\t\t\t\t\t<div id=\"elementor-tab-title-2144\" class=\"elementor-tab-title\" data-tab=\"4\" role=\"button\" aria-controls=\"elementor-tab-content-2144\" aria-expanded=\"false\">\n\t\t\t\t\t\t\t\t\t\t\t\t\t<span class=\"elementor-accordion-icon elementor-accordion-icon-right\" aria-hidden=\"true\">\n\t\t\t\t\t\t\t\t\t\t\t\t\t\t\t<span class=\"elementor-accordion-icon-closed\"><i class=\"fas fa-caret-right\"><\/i><\/span>\n\t\t\t\t\t\t\t\t<span class=\"elementor-accordion-icon-opened\"><i class=\"fas fa-caret-down\"><\/i><\/span>\n\t\t\t\t\t\t\t\t\t\t\t\t\t\t<\/span>\n\t\t\t\t\t\t\t\t\t\t\t\t<a class=\"elementor-accordion-title\" tabindex=\"0\">Pi\u00e8ces pour retrait\u00e9s<\/a>\n\t\t\t\t\t<\/div>\n\t\t\t\t\t<div id=\"elementor-tab-content-2144\" class=\"elementor-tab-content elementor-clearfix\" data-tab=\"4\" role=\"region\" aria-labelledby=\"elementor-tab-title-2144\"><p>&#8211; 2 derniers relev\u00e9s bancaires<br \/>&#8211; Attestation de pension r\u00e9cente<\/p><\/div>\n\t\t\t\t<\/div>\n\t\t\t\t\t\t\t<div class=\"elementor-accordion-item\">\n\t\t\t\t\t<div id=\"elementor-tab-title-2145\" class=\"elementor-tab-title\" data-tab=\"5\" role=\"button\" aria-controls=\"elementor-tab-content-2145\" aria-expanded=\"false\">\n\t\t\t\t\t\t\t\t\t\t\t\t\t<span class=\"elementor-accordion-icon elementor-accordion-icon-right\" aria-hidden=\"true\">\n\t\t\t\t\t\t\t\t\t\t\t\t\t\t\t<span class=\"elementor-accordion-icon-closed\"><i class=\"fas fa-caret-right\"><\/i><\/span>\n\t\t\t\t\t\t\t\t<span class=\"elementor-accordion-icon-opened\"><i class=\"fas fa-caret-down\"><\/i><\/span>\n\t\t\t\t\t\t\t\t\t\t\t\t\t\t<\/span>\n\t\t\t\t\t\t\t\t\t\t\t\t<a class=\"elementor-accordion-title\" tabindex=\"0\">Pi\u00e8ces pour commer\u00e7ants et professions lib\u00e9rales<\/a>\n\t\t\t\t\t<\/div>\n\t\t\t\t\t<div id=\"elementor-tab-content-2145\" class=\"elementor-tab-content elementor-clearfix\" data-tab=\"5\" role=\"region\" aria-labelledby=\"elementor-tab-title-2145\"><p>&#8211; Carte professionnelle ou attestation d&rsquo;exercice ou RC<br \/>&#8211; 3 derniers relev\u00e9s bancaires<\/p><\/div>\n\t\t\t\t<\/div>\n\t\t\t\t\t\t\t<div class=\"elementor-accordion-item\">\n\t\t\t\t\t<div id=\"elementor-tab-title-2146\" class=\"elementor-tab-title\" data-tab=\"6\" role=\"button\" aria-controls=\"elementor-tab-content-2146\" aria-expanded=\"false\">\n\t\t\t\t\t\t\t\t\t\t\t\t\t<span class=\"elementor-accordion-icon elementor-accordion-icon-right\" aria-hidden=\"true\">\n\t\t\t\t\t\t\t\t\t\t\t\t\t\t\t<span class=\"elementor-accordion-icon-closed\"><i class=\"fas fa-caret-right\"><\/i><\/span>\n\t\t\t\t\t\t\t\t<span class=\"elementor-accordion-icon-opened\"><i class=\"fas fa-caret-down\"><\/i><\/span>\n\t\t\t\t\t\t\t\t\t\t\t\t\t\t<\/span>\n\t\t\t\t\t\t\t\t\t\t\t\t<a class=\"elementor-accordion-title\" tabindex=\"0\">Pi\u00e8ces pour G\u00e9rants de soci\u00e9t\u00e9s<\/a>\n\t\t\t\t\t<\/div>\n\t\t\t\t\t<div id=\"elementor-tab-content-2146\" class=\"elementor-tab-content elementor-clearfix\" data-tab=\"6\" role=\"region\" aria-labelledby=\"elementor-tab-title-2146\"><p>&#8211; RC<br \/>&#8211; Statuts<br \/>&#8211; 3 derniers relev\u00e9s bancaires<\/p><\/div>\n\t\t\t\t<\/div>\n\t\t\t\t\t\t\t\t<\/div>\n\t\t\t\t<\/div>\n\t\t\t\t<\/div>\n\t\t\t\t\t<\/div>\n\t\t<\/div>\n\t\t\t\t\t<\/div>\n\t\t<\/section>\n\t\t\t\t<section class=\"elementor-section elementor-top-section elementor-element elementor-element-f85c904 elementor-section-full_width elementor-section-height-default elementor-section-height-default\" data-id=\"f85c904\" data-element_type=\"section\">\n\t\t\t\t\t\t<div class=\"elementor-container elementor-column-gap-default\">\n\t\t\t\t\t<div class=\"elementor-column elementor-col-50 elementor-top-column elementor-element elementor-element-0ce3cd2\" data-id=\"0ce3cd2\" data-element_type=\"column\">\n\t\t\t<div class=\"elementor-widget-wrap elementor-element-populated\">\n\t\t\t\t\t\t<div class=\"elementor-element elementor-element-6698909 elementor-widget elementor-widget-heading\" data-id=\"6698909\" data-element_type=\"widget\" data-widget_type=\"heading.default\">\n\t\t\t\t<div class=\"elementor-widget-container\">\n\t\t\t<h6 class=\"elementor-heading-title elementor-size-default\">Si\u00e8ge social : 57 bd Abdelmoumen, Casablanca, 20000, t\u00e9l\u00e9phone : +212522429696, fax :+212522429600<\/h6>\t\t<\/div>\n\t\t\t\t<\/div>\n\t\t\t\t\t<\/div>\n\t\t<\/div>\n\t\t\t\t<div class=\"elementor-column elementor-col-50 elementor-top-column elementor-element elementor-element-d5cb756\" data-id=\"d5cb756\" data-element_type=\"column\">\n\t\t\t<div class=\"elementor-widget-wrap elementor-element-populated\">\n\t\t\t\t\t\t<div class=\"elementor-element elementor-element-0e7fcaf elementor-widget elementor-widget-heading\" data-id=\"0e7fcaf\" data-element_type=\"widget\" data-widget_type=\"heading.default\">\n\t\t\t\t<div class=\"elementor-widget-container\">\n\t\t\t<h6 class=\"elementor-heading-title elementor-size-default\">2023 \u00a9 Sofac. Tous droits r\u00e9serv\u00e9s<\/h6>\t\t<\/div>\n\t\t\t\t<\/div>\n\t\t\t\t\t<\/div>\n\t\t<\/div>\n\t\t\t\t\t<\/div>\n\t\t<\/section>\n\t\t\t\t<\/div>\n\t\t","protected":false},"excerpt":{"rendered":"<p>Pr\u00e9parez l\u2019avenir avec s\u00e9r\u00e9nit\u00e9 Financement jusqu\u2019\u00e0 87000 Dhs Un taux imbattable Un mois de diff\u00e9r\u00e9 Frais de dossier offerts JE FAIS MA SIMULATION Simuler votre cr\u00e9dit Vous \u00eates Montant \u00e0 racheter dh 0 dh 0 dh Montant dh 0 dh 0 dh Avance client % 0 % 99 % Mensualit\u00e9 dh 0 dh 0 dh [&hellip;]<\/p>\n","protected":false},"author":1,"featured_media":0,"parent":0,"menu_order":0,"comment_status":"closed","ping_status":"closed","template":"elementor_canvas","meta":{"footnotes":""},"class_list":["post-2281","page","type-page","status-publish","hentry"],"acf":[],"_links":{"self":[{"href":"https:\/\/www.sofac.ma\/offre\/wp-json\/wp\/v2\/pages\/2281","targetHints":{"allow":["GET"]}}],"collection":[{"href":"https:\/\/www.sofac.ma\/offre\/wp-json\/wp\/v2\/pages"}],"about":[{"href":"https:\/\/www.sofac.ma\/offre\/wp-json\/wp\/v2\/types\/page"}],"author":[{"embeddable":true,"href":"https:\/\/www.sofac.ma\/offre\/wp-json\/wp\/v2\/users\/1"}],"replies":[{"embeddable":true,"href":"https:\/\/www.sofac.ma\/offre\/wp-json\/wp\/v2\/comments?post=2281"}],"version-history":[{"count":21,"href":"https:\/\/www.sofac.ma\/offre\/wp-json\/wp\/v2\/pages\/2281\/revisions"}],"predecessor-version":[{"id":3127,"href":"https:\/\/www.sofac.ma\/offre\/wp-json\/wp\/v2\/pages\/2281\/revisions\/3127"}],"wp:attachment":[{"href":"https:\/\/www.sofac.ma\/offre\/wp-json\/wp\/v2\/media?parent=2281"}],"curies":[{"name":"wp","href":"https:\/\/api.w.org\/{rel}","templated":true}]}}