{"id":3493,"date":"2024-05-01T15:29:52","date_gmt":"2024-05-01T14:29:52","guid":{"rendered":"https:\/\/www.sofac.ma\/offre\/hem-copy\/"},"modified":"2024-05-01T15:43:35","modified_gmt":"2024-05-01T14:43:35","slug":"greenriders","status":"publish","type":"page","link":"https:\/\/www.sofac.ma\/offre\/greenriders\/","title":{"rendered":"Greenriders"},"content":{"rendered":"\t\t<div data-elementor-type=\"wp-page\" data-elementor-id=\"3493\" class=\"elementor elementor-3493\" data-elementor-post-type=\"page\">\n\t\t\t\t\t\t<section class=\"elementor-section elementor-top-section elementor-element elementor-element-c2b4905 elementor-section-content-middle elementor-section-full_width elementor-section-height-default elementor-section-height-default\" data-id=\"c2b4905\" data-element_type=\"section\">\n\t\t\t\t\t\t<div class=\"elementor-container elementor-column-gap-no\">\n\t\t\t\t\t<div class=\"elementor-column elementor-col-100 elementor-top-column elementor-element elementor-element-7ec6812\" data-id=\"7ec6812\" data-element_type=\"column\">\n\t\t\t<div class=\"elementor-widget-wrap elementor-element-populated\">\n\t\t\t\t\t\t<div class=\"elementor-element elementor-element-240f77e elementor-widget__width-initial elementor-widget-mobile__width-initial elementor-widget elementor-widget-image\" data-id=\"240f77e\" data-element_type=\"widget\" id=\"Logo\" data-widget_type=\"image.default\">\n\t\t\t\t<div class=\"elementor-widget-container\">\n\t\t\t\t\t\t\t\t\t\t\t\t\t\t<a href=\"https:\/\/www.sofac.ma\">\n\t\t\t\t\t\t\t<img fetchpriority=\"high\" decoding=\"async\" width=\"580\" height=\"134\" src=\"https:\/\/www.sofac.ma\/offre\/wp-content\/uploads\/2022\/02\/logo.png\" class=\"attachment-medium_large size-medium_large wp-image-1354\" alt=\"\" srcset=\"https:\/\/www.sofac.ma\/offre\/wp-content\/uploads\/2022\/02\/logo.png 591w, https:\/\/www.sofac.ma\/offre\/wp-content\/uploads\/2022\/02\/logo-300x70.png 300w\" sizes=\"(max-width: 580px) 100vw, 580px\" \/>\t\t\t\t\t\t\t\t<\/a>\n\t\t\t\t\t\t\t\t\t\t\t\t\t<\/div>\n\t\t\t\t<\/div>\n\t\t\t\t\t<\/div>\n\t\t<\/div>\n\t\t\t\t\t<\/div>\n\t\t<\/section>\n\t\t\t\t<section class=\"elementor-section elementor-top-section elementor-element elementor-element-55616de elementor-section-full_width elementor-section-height-default elementor-section-height-default\" data-id=\"55616de\" data-element_type=\"section\">\n\t\t\t\t\t\t<div class=\"elementor-container elementor-column-gap-no\">\n\t\t\t\t\t<div class=\"elementor-column elementor-col-100 elementor-top-column elementor-element elementor-element-b652804\" data-id=\"b652804\" data-element_type=\"column\" data-settings=\"{&quot;background_background&quot;:&quot;classic&quot;}\">\n\t\t\t<div class=\"elementor-widget-wrap elementor-element-populated\">\n\t\t\t\t\t\t<section class=\"elementor-section elementor-inner-section elementor-element elementor-element-58d1fab elementor-section-full_width elementor-section-height-min-height elementor-section-height-default\" data-id=\"58d1fab\" data-element_type=\"section\">\n\t\t\t\t\t\t<div class=\"elementor-container elementor-column-gap-no\">\n\t\t\t\t\t<div class=\"elementor-column elementor-col-100 elementor-inner-column elementor-element elementor-element-dc00755\" data-id=\"dc00755\" data-element_type=\"column\">\n\t\t\t<div class=\"elementor-widget-wrap\">\n\t\t\t\t\t\t\t<\/div>\n\t\t<\/div>\n\t\t\t\t\t<\/div>\n\t\t<\/section>\n\t\t\t\t\t<\/div>\n\t\t<\/div>\n\t\t\t\t\t<\/div>\n\t\t<\/section>\n\t\t\t\t<section class=\"elementor-section elementor-top-section elementor-element elementor-element-6cd593c elementor-section-boxed elementor-section-height-default elementor-section-height-default\" data-id=\"6cd593c\" data-element_type=\"section\">\n\t\t\t\t\t\t<div class=\"elementor-container elementor-column-gap-default\">\n\t\t\t\t\t<div class=\"elementor-column elementor-col-100 elementor-top-column elementor-element elementor-element-b71842c\" data-id=\"b71842c\" data-element_type=\"column\">\n\t\t\t<div class=\"elementor-widget-wrap elementor-element-populated\">\n\t\t\t\t\t\t<div class=\"elementor-element elementor-element-689ac67 elementor-hidden-desktop elementor-hidden-tablet elementor-hidden-mobile elementor-widget elementor-widget-heading\" data-id=\"689ac67\" data-element_type=\"widget\" data-widget_type=\"heading.default\">\n\t\t\t\t<div class=\"elementor-widget-container\">\n\t\t\t<h4 class=\"elementor-heading-title elementor-size-default\">Simuler votre cr\u00e9dit<\/h4>\t\t<\/div>\n\t\t\t\t<\/div>\n\t\t\t\t\t<\/div>\n\t\t<\/div>\n\t\t\t\t\t<\/div>\n\t\t<\/section>\n\t\t\t\t<section class=\"elementor-section elementor-top-section elementor-element elementor-element-6adf94e9 elementor-section-content-middle elementor-section-stretched elementor-section-boxed elementor-section-height-default elementor-section-height-default\" data-id=\"6adf94e9\" data-element_type=\"section\" id=\"simulateur\" data-settings=\"{&quot;stretch_section&quot;:&quot;section-stretched&quot;}\">\n\t\t\t\t\t\t<div class=\"elementor-container elementor-column-gap-no\">\n\t\t\t\t\t<div class=\"elementor-column elementor-col-50 elementor-top-column elementor-element elementor-element-6e6eb2b2\" data-id=\"6e6eb2b2\" data-element_type=\"column\">\n\t\t\t<div class=\"elementor-widget-wrap elementor-element-populated\">\n\t\t\t\t\t\t<div class=\"elementor-element elementor-element-b05be2b elementor-widget elementor-widget-emb_simulateur\" data-id=\"b05be2b\" data-element_type=\"widget\" data-widget_type=\"emb_simulateur.default\">\n\t\t\t\t<div class=\"elementor-widget-container\">\n\t\t\t<div class=\"simulateur__wrapper style__2 \" data-product=\"179042286\" data-montant=\"30000\" data-echeance=\"12\" style=\"background-color:#0068B1\">\n\n\t\t\t\t<input type=\"hidden\" id=\"idProduct\" name=\"idProduct\" value=\"179042286\">\n\n\t\t\t\t\n\t\t\t\t\n\t\t\t\t<div class=\"grid\">\n\t\t\t\t\t\t\t\t\t\t\n\t\t\t\t\t<div class=\"elm__wrapper\">\n\t\t\t\t\t\t<div>\n\t\t\t\t\t\t\t<label class=\"text__14\">Vous \u00eates<\/label>\n\t\t\t\t\t\t\t<select name=\"select__bareme\" id=\"select__bareme\" class=\"elm__select\"><\/select>\n\t\t\t\t\t\t<\/div>\n\t\t\t\t\t<\/div>\n\t\t\t\t\t\t\t\t\t\n\t\t\t\t\t<div class=\"elm__wrapper\">\n\t\t\t\t\t\t<div class=\"elm__label\">\n\t\t\t\t\t\t\t<div class=\"elm__title\">Montant \u00e0 racheter<\/div>\n\t\t\t\t\t\t\t<div class=\"elm__input_wrapper\">\n\t\t\t\t\t\t\t\t<input type=\"text\" class=\"elm__input\" name=\"input__rachat\" id=\"input__rachat\" min=\"0\" max=\"99\"\n\t\t\t\t\t\t\t\t\tvalue=\"0\">\n\t\t\t\t\t\t\t\t<span>dh<\/span>\n\t\t\t\t\t\t\t<\/div>\n\t\t\t\t\t\t<\/div>\n\t\t\t\t\t\t<div class=\"elm__slider_wrapper\">\n\t\t\t\t\t\t<input type=\"range\" class=\"elm__slider\" name=\"slider__rachat\" id=\"slider__rachat\" min=\"0\" max=\"99\"\n\t\t\t\t\t\t\tvalue=\"0\" step=\"0.01\">\n\t\t\t\t\t\t<\/div>\n\t\t\t\t\t\t<ul class=\"elm__datalist\">\n\t\t\t\t\t\t\t<li> <span>0<\/span> dh<\/li>\n\t\t\t\t\t\t\t<li> <span>0<\/span> dh<\/li>\n\t\t\t\t\t\t<\/ul>\n\t\t\t\t\t<\/div>\n\n\t\t\t\t\t<div class=\"elm__wrapper\">\n\t\t\t\t\t\t<div class=\"elm__label\">\n\t\t\t\t\t\t\t<div class=\"elm__title\">Montant<\/div>\n\t\t\t\t\t\t\t<div class=\"elm__input_wrapper\">\n\t\t\t\t\t\t\t\t<input type=\"text\" class=\"elm__input\" name=\"input__montant\" id=\"input__montant\" min=\"8000\"\n\t\t\t\t\t\t\t\tmax=\"1000000\" value=\"80000\">\n\t\t\t\t\t\t\t\t<span>dh<\/span>\n\t\t\t\t\t\t\t<\/div>\n\t\t\t\t\t\t<\/div>\n\t\t\t\t\t\t<div class=\"elm__slider_wrapper\">\n\t\t\t\t\t\t\t<input type=\"range\" class=\"elm__slider\" name=\"slider__montant\" id=\"slider__montant\" min=\"8000\"\n\t\t\t\t\t\t\tmax=\"1000000\" value=\"80000\" step=\"1\">\n\t\t\t\t\t\t<\/div>\n\t\t\t\t\t\t<ul class=\"elm__datalist\">\n\t\t\t\t\t\t\t<li> <span>0<\/span> dh<\/li>\n\t\t\t\t\t\t\t<li> <span>0<\/span> dh<\/li>\n\t\t\t\t\t\t<\/ul>\n\t\t\t\t\t<\/div>\n\n\t\t\t\t\t<div class=\"elm__wrapper\">\n\t\t\t\t\t\t<div class=\"elm__label\">\n\t\t\t\t\t\t\t<div class=\"elm__title\">Avance client<\/div>\n\t\t\t\t\t\t\t<div class=\"elm__input_wrapper\">\n\t\t\t\t\t\t\t\t<input type=\"text\" class=\"elm__input\" name=\"input__apport\" id=\"input__apport\" min=\"0\" max=\"99\"\n\t\t\t\t\t\t\t\tvalue=\"0\">\n\t\t\t\t\t\t\t\t<span>%<\/span>\n\t\t\t\t\t\t\t<\/div>\n\t\t\t\t\t\t<\/div>\n\t\t\t\t\t\t<div class=\"elm__slider_wrapper\">\n\t\t\t\t\t\t\t<input type=\"range\" class=\"elm__slider\" name=\"slider__apport\" id=\"slider__apport\" min=\"0\" max=\"99\"\n\t\t\t\t\t\t\tvalue=\"0\" step=\"1\">\n\t\t\t\t\t\t<\/div>\n\t\t\t\t\t\t<ul class=\"elm__datalist\">\n\t\t\t\t\t\t\t<li> <span>0<\/span> %<\/li>\n\t\t\t\t\t\t\t<li> <span>99<\/span> %<\/li>\n\t\t\t\t\t\t<\/ul>\n\t\t\t\t\t<\/div>\n\t\t\t\t\t\n\t\t\t\t\t<div class=\"elm__wrapper\">\n\t\t\t\t\t\t<div class=\"elm__label\">\n\t\t\t\t\t\t\t<div class=\"elm__title\">Mensualit\u00e9<\/div>\n\t\t\t\t\t\t\t<div class=\"elm__input_wrapper\">\n\t\t\t\t\t\t\t<input type=\"text\" class=\"elm__input\" name=\"input__mensualite\" id=\"input__mensualite\" min=\"4000\"\n\t\t\t\t\t\t\t\tmax=\"80000\" value=\"1300\">\n\t\t\t\t\t\t\t\t<span>dh<\/span>\n\t\t\t\t\t\t\t<\/div>\n\t\t\t\t\t\t<\/div>\n\t\t\t\t\t\t<div class=\"elm__slider_wrapper\">\n\t\t\t\t\t\t\t<input type=\"range\" class=\"elm__slider\" name=\"slider__mensualite\" id=\"slider__mensualite\" min=\"4000\"\n\t\t\t\t\t\t\tmax=\"80000\" value=\"1300\" step=\"0.01\">\n\t\t\t\t\t\t<\/div>\t\n\t\t\t\t\t\t<ul class=\"elm__datalist\">\n\t\t\t\t\t\t\t<li> <span>0<\/span> dh<\/li>\n\t\t\t\t\t\t\t<li> <span>0<\/span> dh<\/li>\n\t\t\t\t\t\t<\/ul>\n\t\t\t\t\t<\/div>\n\n\t\t\t\t\t<div class=\"elm__wrapper\">\n\t\t\t\t\t\t<div class=\"elm__label\">\n\t\t\t\t\t\t\t<div class=\"elm__title\">Dur\u00e9e<\/div>\n\t\t\t\t\t\t\t<div class=\"elm__input_wrapper\">\n\t\t\t\t\t\t\t\t<input type=\"text\" class=\"elm__input\" name=\"input__duree\" id=\"input__duree\" min=\"12\"\n\t\t\t\t\t\t\t\tmax=\"120\" value=\"48\">\n\t\t\t\t\t\t\t\t<span>mois<\/span>\n\t\t\t\t\t\t\t<\/div>\n\t\t\t\t\t\t<\/div>\n\t\t\t\t\t\t<div class=\"elm__slider_wrapper\">\n\t\t\t\t\t\t\t<input type=\"range\" class=\"elm__slider\" name=\"slider__duree\" id=\"slider__duree\" min=\"12\"\n\t\t\t\t\t\t\tmax=\"120\" value=\"48\" step=\"1\">\n\t\t\t\t\t\t<\/div>\n\t\t\t\t\t\t<ul class=\"elm__datalist\">\n\t\t\t\t\t\t\t<li> <span>0<\/span> mois<\/li>\n\t\t\t\t\t\t\t<li> <span>0<\/span> mois<\/li>\n\t\t\t\t\t\t<\/ul>\n\t\t\t\t\t<\/div>\n\t\t\t\t<\/div>\t\n\t\t\t\t<div class=\"text__center\" style=\"margin-top:25px\">\n\t\t\t\t\t<a href=\"\" id=\"submitCredit\" class=\"button__default full__width\">Demander mon cr\u00e9dit<\/a>\n\t\t\t\t<\/div>\n\t\t\t\t<div class=\"condition\">Offre soumise \u00e0 conditions. Sous r\u00e9serve d\u2019acceptation de votre dossier de cr\u00e9dit par SOFAC<\/div>\n\n\t\t\t<\/div>\t\t<\/div>\n\t\t\t\t<\/div>\n\t\t\t\t\t<\/div>\n\t\t<\/div>\n\t\t\t\t<div class=\"elementor-column elementor-col-50 elementor-top-column elementor-element elementor-element-5be632c\" data-id=\"5be632c\" data-element_type=\"column\">\n\t\t\t<div class=\"elementor-widget-wrap elementor-element-populated\">\n\t\t\t\t\t\t<div class=\"elementor-element elementor-element-7865f45 elementor-widget elementor-widget-heading\" data-id=\"7865f45\" data-element_type=\"widget\" data-widget_type=\"heading.default\">\n\t\t\t\t<div class=\"elementor-widget-container\">\n\t\t\t<h5 class=\"elementor-heading-title elementor-size-default\">Embrassez l'avenir \u00e9cologique avec Greenrider et SOFAC<\/h5>\t\t<\/div>\n\t\t\t\t<\/div>\n\t\t\t\t<div class=\"elementor-element elementor-element-57fdbcd elementor-widget elementor-widget-text-editor\" data-id=\"57fdbcd\" data-element_type=\"widget\" data-widget_type=\"text-editor.default\">\n\t\t\t\t<div class=\"elementor-widget-container\">\n\t\t\t\t\t\t\t<p>Avec SOFAC et GREENRIDERS, adoptez une approche \u00e9cologique et transformez votre mobilit\u00e9 urbaine gr\u00e2ce \u00e0 nos solutions de financement attractives pour l&rsquo;achat de scooters et trottinettes \u00e9lectriques. Avec un pr\u00eat pouvant atteindre 90 000 DH sur une p\u00e9riode de 24 mois, nous ouvrons la voie \u00e0 une mobilit\u00e9 durable accessible \u00e0 tous ceux \u00e2g\u00e9s de moins de 75 ans.<br \/><br \/>Optez d\u00e8s aujourd&rsquo;hui pour un mode de vie respectueux de l&rsquo;environnement sans compromettre votre libert\u00e9 de mouvement.<\/p>\t\t\t\t\t\t<\/div>\n\t\t\t\t<\/div>\n\t\t\t\t\t<\/div>\n\t\t<\/div>\n\t\t\t\t\t<\/div>\n\t\t<\/section>\n\t\t\t\t<section class=\"elementor-section elementor-top-section elementor-element elementor-element-f85c904 elementor-section-full_width elementor-section-height-default elementor-section-height-default\" data-id=\"f85c904\" data-element_type=\"section\">\n\t\t\t\t\t\t<div class=\"elementor-container elementor-column-gap-default\">\n\t\t\t\t\t<div class=\"elementor-column elementor-col-50 elementor-top-column elementor-element elementor-element-0ce3cd2\" data-id=\"0ce3cd2\" data-element_type=\"column\">\n\t\t\t<div class=\"elementor-widget-wrap elementor-element-populated\">\n\t\t\t\t\t\t<div class=\"elementor-element elementor-element-6698909 elementor-widget elementor-widget-heading\" data-id=\"6698909\" data-element_type=\"widget\" data-widget_type=\"heading.default\">\n\t\t\t\t<div class=\"elementor-widget-container\">\n\t\t\t<h6 class=\"elementor-heading-title elementor-size-default\">Si\u00e8ge social : 57 bd Abdelmoumen, Casablanca, 20000, t\u00e9l\u00e9phone : +212522429696, fax :+212522429600<\/h6>\t\t<\/div>\n\t\t\t\t<\/div>\n\t\t\t\t\t<\/div>\n\t\t<\/div>\n\t\t\t\t<div class=\"elementor-column elementor-col-50 elementor-top-column elementor-element elementor-element-d5cb756\" data-id=\"d5cb756\" data-element_type=\"column\">\n\t\t\t<div class=\"elementor-widget-wrap elementor-element-populated\">\n\t\t\t\t\t\t<div class=\"elementor-element elementor-element-0e7fcaf elementor-widget elementor-widget-heading\" data-id=\"0e7fcaf\" data-element_type=\"widget\" data-widget_type=\"heading.default\">\n\t\t\t\t<div class=\"elementor-widget-container\">\n\t\t\t<h6 class=\"elementor-heading-title elementor-size-default\">2024 \u00a9 Sofac. Tous droits r\u00e9serv\u00e9s<\/h6>\t\t<\/div>\n\t\t\t\t<\/div>\n\t\t\t\t\t<\/div>\n\t\t<\/div>\n\t\t\t\t\t<\/div>\n\t\t<\/section>\n\t\t\t\t<\/div>\n\t\t","protected":false},"excerpt":{"rendered":"<p>Simuler votre cr\u00e9dit Vous \u00eates Montant \u00e0 racheter dh 0 dh 0 dh Montant dh 0 dh 0 dh Avance client % 0 % 99 % Mensualit\u00e9 dh 0 dh 0 dh Dur\u00e9e mois 0 mois 0 mois Demander mon cr\u00e9dit Offre soumise \u00e0 conditions. Sous r\u00e9serve d\u2019acceptation de votre dossier de cr\u00e9dit par SOFAC [&hellip;]<\/p>\n","protected":false},"author":1,"featured_media":0,"parent":0,"menu_order":0,"comment_status":"closed","ping_status":"closed","template":"elementor_canvas","meta":{"footnotes":""},"class_list":["post-3493","page","type-page","status-publish","hentry"],"acf":[],"_links":{"self":[{"href":"https:\/\/www.sofac.ma\/offre\/wp-json\/wp\/v2\/pages\/3493","targetHints":{"allow":["GET"]}}],"collection":[{"href":"https:\/\/www.sofac.ma\/offre\/wp-json\/wp\/v2\/pages"}],"about":[{"href":"https:\/\/www.sofac.ma\/offre\/wp-json\/wp\/v2\/types\/page"}],"author":[{"embeddable":true,"href":"https:\/\/www.sofac.ma\/offre\/wp-json\/wp\/v2\/users\/1"}],"replies":[{"embeddable":true,"href":"https:\/\/www.sofac.ma\/offre\/wp-json\/wp\/v2\/comments?post=3493"}],"version-history":[{"count":16,"href":"https:\/\/www.sofac.ma\/offre\/wp-json\/wp\/v2\/pages\/3493\/revisions"}],"predecessor-version":[{"id":3511,"href":"https:\/\/www.sofac.ma\/offre\/wp-json\/wp\/v2\/pages\/3493\/revisions\/3511"}],"wp:attachment":[{"href":"https:\/\/www.sofac.ma\/offre\/wp-json\/wp\/v2\/media?parent=3493"}],"curies":[{"name":"wp","href":"https:\/\/api.w.org\/{rel}","templated":true}]}}